{"id":445,"date":"2025-10-22T11:33:43","date_gmt":"2025-10-22T09:33:43","guid":{"rendered":"https:\/\/www.cadellarteluxury.com\/?page_id=445"},"modified":"2025-10-22T11:39:20","modified_gmt":"2025-10-22T09:39:20","slug":"appartement-royal","status":"publish","type":"page","link":"https:\/\/www.cadellarteluxury.com\/fr\/nos-appartements\/appartement-royal\/","title":{"rendered":"Appartement Royal"},"content":{"rendered":"<p>Superficie de la chambre : 200 m\u00b2<\/p>\n<p><strong>Chambre 1<\/strong> : 1 lit double + salle de bain priv\u00e9e<br \/>\n<strong>Chambre 2<\/strong> : 1 lit double + salle de bain priv\u00e9e<\/p>\n<p><strong>Chambre 3<\/strong> : 1 lit double + salle de bain priv\u00e9e<\/p>\n<p><strong>Chambre 4<\/strong> : 1 lit double + salle de bain priv\u00e9e<\/p>\n<p><strong>Chambre 5<\/strong> : 2 canap\u00e9s-lits<\/p>\n<p>&nbsp;<\/p>\n<p>Appartement tr\u00e8s spacieux et unique en son genre, avec 4 chambres doubles chacune \u00e9quip\u00e9e de sa propre salle de bain + 1 chambre mansard\u00e9e avec 2 canap\u00e9s-lits.<\/p>\n<p>Il dispose de 2 salons, 2 cuisines et 2 salles \u00e0 manger, ainsi que d&rsquo;une connexion Wi-Fi gratuite.<\/p>\n<p>\u00c9quipements dans la chambre : climatisation, fer et planche \u00e0 repasser, coin salon, lave-linge, chauffage, entr\u00e9e ind\u00e9pendante, canap\u00e9, parquet ou sol en bois, armoire\/penderie, douche , s\u00e8che-cheveux, articles de toilette gratuits, WC, salle de bain priv\u00e9e, douche, t\u00e9l\u00e9phone, cha\u00eenes satellite, t\u00e9l\u00e9vision \u00e0 \u00e9cran plat, coin cuisine, r\u00e9frig\u00e9rateur, four \u00e0 micro-ondes, cuisine, coin repas, ustensiles de cuisine, serviettes, linge de maison.<\/p>\n<p>Le Wi-Fi est disponible gratuitement dans toutes les chambres.<\/p>\n","protected":false},"excerpt":{"rendered":"<p>Superficie de la chambre : 200 m\u00b2 Chambre 1 : 1 lit double + salle de bain priv\u00e9e Chambre 2 : 1 lit double + salle de bain priv\u00e9e Chambre 3 : 1 lit double + salle de bain priv\u00e9e Chambre 4 : 1 lit double + salle de bain priv\u00e9e Chambre 5 : 2 [&hellip;]<\/p>\n","protected":false},"author":331,"featured_media":182,"parent":196,"menu_order":21,"comment_status":"closed","ping_status":"closed","template":"template-single-room.php","meta":{"footnotes":""},"class_list":["post-445","page","type-page","status-publish","has-post-thumbnail","hentry"],"yoast_head":"<!-- This site is optimized with the Yoast SEO plugin v26.9 - https:\/\/yoast.com\/product\/yoast-seo-wordpress\/ -->\n<title>Appartement Royal ~ Ca&#039; Dell\u2019Arte Luxury<\/title>\n<meta name=\"robots\" content=\"index, follow, max-snippet:-1, max-image-preview:large, max-video-preview:-1\" \/>\n<link rel=\"canonical\" href=\"https:\/\/www.cadellarteluxury.com\/fr\/nos-appartements\/appartement-royal\/\" \/>\n<meta property=\"og:locale\" content=\"fr_FR\" \/>\n<meta property=\"og:type\" content=\"article\" \/>\n<meta property=\"og:title\" content=\"Appartement Royal ~ Ca&#039; Dell\u2019Arte Luxury\" \/>\n<meta property=\"og:description\" content=\"Superficie de la chambre : 200 m\u00b2 Chambre 1 : 1 lit double + salle de bain priv\u00e9e Chambre 2 : 1 lit double + salle de bain priv\u00e9e Chambre 3 : 1 lit double + salle de bain priv\u00e9e Chambre 4 : 1 lit double + salle de bain priv\u00e9e Chambre 5 : 2 [&hellip;]\" \/>\n<meta property=\"og:url\" content=\"https:\/\/www.cadellarteluxury.com\/fr\/nos-appartements\/appartement-royal\/\" \/>\n<meta property=\"og:site_name\" content=\"Ca&#039; Dell\u2019Arte Luxury\" \/>\n<meta property=\"article:modified_time\" content=\"2025-10-22T09:39:20+00:00\" \/>\n<meta property=\"og:image\" content=\"https:\/\/www.cadellarteluxury.com\/wp-content\/uploads\/sites\/290\/2021\/06\/ca_dell_arte_luxury_appartamenti_corner_gallery_23.jpg\" \/>\n\t<meta property=\"og:image:width\" content=\"1200\" \/>\n\t<meta property=\"og:image:height\" content=\"800\" \/>\n\t<meta property=\"og:image:type\" content=\"image\/jpeg\" \/>\n<meta name=\"twitter:card\" content=\"summary_large_image\" \/>\n<meta name=\"twitter:label1\" content=\"Dur\u00e9e de lecture estim\u00e9e\" \/>\n\t<meta name=\"twitter:data1\" content=\"2 minutes\" \/>\n<script type=\"application\/ld+json\" class=\"yoast-schema-graph\">{\"@context\":\"https:\/\/schema.org\",\"@graph\":[{\"@type\":\"WebPage\",\"@id\":\"https:\/\/www.cadellarteluxury.com\/fr\/nos-appartements\/appartement-royal\/\",\"url\":\"https:\/\/www.cadellarteluxury.com\/fr\/nos-appartements\/appartement-royal\/\",\"name\":\"Appartement Royal ~ Ca' Dell\u2019Arte Luxury\",\"isPartOf\":{\"@id\":\"https:\/\/www.cadellarteluxury.com\/fr\/#website\"},\"primaryImageOfPage\":{\"@id\":\"https:\/\/www.cadellarteluxury.com\/fr\/nos-appartements\/appartement-royal\/#primaryimage\"},\"image\":{\"@id\":\"https:\/\/www.cadellarteluxury.com\/fr\/nos-appartements\/appartement-royal\/#primaryimage\"},\"thumbnailUrl\":\"https:\/\/www.cadellarteluxury.com\/wp-content\/uploads\/sites\/290\/2021\/06\/ca_dell_arte_luxury_appartamenti_corner_gallery_23.jpg\",\"datePublished\":\"2025-10-22T09:33:43+00:00\",\"dateModified\":\"2025-10-22T09:39:20+00:00\",\"breadcrumb\":{\"@id\":\"https:\/\/www.cadellarteluxury.com\/fr\/nos-appartements\/appartement-royal\/#breadcrumb\"},\"inLanguage\":\"fr-FR\",\"potentialAction\":[{\"@type\":\"ReadAction\",\"target\":[\"https:\/\/www.cadellarteluxury.com\/fr\/nos-appartements\/appartement-royal\/\"]}]},{\"@type\":\"ImageObject\",\"inLanguage\":\"fr-FR\",\"@id\":\"https:\/\/www.cadellarteluxury.com\/fr\/nos-appartements\/appartement-royal\/#primaryimage\",\"url\":\"https:\/\/www.cadellarteluxury.com\/wp-content\/uploads\/sites\/290\/2021\/06\/ca_dell_arte_luxury_appartamenti_corner_gallery_23.jpg\",\"contentUrl\":\"https:\/\/www.cadellarteluxury.com\/wp-content\/uploads\/sites\/290\/2021\/06\/ca_dell_arte_luxury_appartamenti_corner_gallery_23.jpg\",\"width\":1200,\"height\":800},{\"@type\":\"BreadcrumbList\",\"@id\":\"https:\/\/www.cadellarteluxury.com\/fr\/nos-appartements\/appartement-royal\/#breadcrumb\",\"itemListElement\":[{\"@type\":\"ListItem\",\"position\":1,\"name\":\"Home\",\"item\":\"https:\/\/www.cadellarteluxury.com\/fr\/\"},{\"@type\":\"ListItem\",\"position\":2,\"name\":\"Nos appartements\",\"item\":\"https:\/\/www.cadellarteluxury.com\/fr\/nos-appartements\/\"},{\"@type\":\"ListItem\",\"position\":3,\"name\":\"Appartement Royal\"}]},{\"@type\":\"WebSite\",\"@id\":\"https:\/\/www.cadellarteluxury.com\/fr\/#website\",\"url\":\"https:\/\/www.cadellarteluxury.com\/fr\/\",\"name\":\"Ca' Dell\u2019Arte Luxury\",\"description\":\"Ecco un altro sito ms.decms.eu\",\"potentialAction\":[{\"@type\":\"SearchAction\",\"target\":{\"@type\":\"EntryPoint\",\"urlTemplate\":\"https:\/\/www.cadellarteluxury.com\/fr\/?s={search_term_string}\"},\"query-input\":{\"@type\":\"PropertyValueSpecification\",\"valueRequired\":true,\"valueName\":\"search_term_string\"}}],\"inLanguage\":\"fr-FR\"}]}<\/script>\n<!-- \/ Yoast SEO plugin. -->","yoast_head_json":{"title":"Appartement Royal ~ Ca' Dell\u2019Arte Luxury","robots":{"index":"index","follow":"follow","max-snippet":"max-snippet:-1","max-image-preview":"max-image-preview:large","max-video-preview":"max-video-preview:-1"},"canonical":"https:\/\/www.cadellarteluxury.com\/fr\/nos-appartements\/appartement-royal\/","og_locale":"fr_FR","og_type":"article","og_title":"Appartement Royal ~ Ca' Dell\u2019Arte Luxury","og_description":"Superficie de la chambre : 200 m\u00b2 Chambre 1 : 1 lit double + salle de bain priv\u00e9e Chambre 2 : 1 lit double + salle de bain priv\u00e9e Chambre 3 : 1 lit double + salle de bain priv\u00e9e Chambre 4 : 1 lit double + salle de bain priv\u00e9e Chambre 5 : 2 [&hellip;]","og_url":"https:\/\/www.cadellarteluxury.com\/fr\/nos-appartements\/appartement-royal\/","og_site_name":"Ca' Dell\u2019Arte Luxury","article_modified_time":"2025-10-22T09:39:20+00:00","og_image":[{"width":1200,"height":800,"url":"https:\/\/www.cadellarteluxury.com\/wp-content\/uploads\/sites\/290\/2021\/06\/ca_dell_arte_luxury_appartamenti_corner_gallery_23.jpg","type":"image\/jpeg"}],"twitter_card":"summary_large_image","twitter_misc":{"Dur\u00e9e de lecture estim\u00e9e":"2 minutes"},"schema":{"@context":"https:\/\/schema.org","@graph":[{"@type":"WebPage","@id":"https:\/\/www.cadellarteluxury.com\/fr\/nos-appartements\/appartement-royal\/","url":"https:\/\/www.cadellarteluxury.com\/fr\/nos-appartements\/appartement-royal\/","name":"Appartement Royal ~ Ca' Dell\u2019Arte Luxury","isPartOf":{"@id":"https:\/\/www.cadellarteluxury.com\/fr\/#website"},"primaryImageOfPage":{"@id":"https:\/\/www.cadellarteluxury.com\/fr\/nos-appartements\/appartement-royal\/#primaryimage"},"image":{"@id":"https:\/\/www.cadellarteluxury.com\/fr\/nos-appartements\/appartement-royal\/#primaryimage"},"thumbnailUrl":"https:\/\/www.cadellarteluxury.com\/wp-content\/uploads\/sites\/290\/2021\/06\/ca_dell_arte_luxury_appartamenti_corner_gallery_23.jpg","datePublished":"2025-10-22T09:33:43+00:00","dateModified":"2025-10-22T09:39:20+00:00","breadcrumb":{"@id":"https:\/\/www.cadellarteluxury.com\/fr\/nos-appartements\/appartement-royal\/#breadcrumb"},"inLanguage":"fr-FR","potentialAction":[{"@type":"ReadAction","target":["https:\/\/www.cadellarteluxury.com\/fr\/nos-appartements\/appartement-royal\/"]}]},{"@type":"ImageObject","inLanguage":"fr-FR","@id":"https:\/\/www.cadellarteluxury.com\/fr\/nos-appartements\/appartement-royal\/#primaryimage","url":"https:\/\/www.cadellarteluxury.com\/wp-content\/uploads\/sites\/290\/2021\/06\/ca_dell_arte_luxury_appartamenti_corner_gallery_23.jpg","contentUrl":"https:\/\/www.cadellarteluxury.com\/wp-content\/uploads\/sites\/290\/2021\/06\/ca_dell_arte_luxury_appartamenti_corner_gallery_23.jpg","width":1200,"height":800},{"@type":"BreadcrumbList","@id":"https:\/\/www.cadellarteluxury.com\/fr\/nos-appartements\/appartement-royal\/#breadcrumb","itemListElement":[{"@type":"ListItem","position":1,"name":"Home","item":"https:\/\/www.cadellarteluxury.com\/fr\/"},{"@type":"ListItem","position":2,"name":"Nos appartements","item":"https:\/\/www.cadellarteluxury.com\/fr\/nos-appartements\/"},{"@type":"ListItem","position":3,"name":"Appartement Royal"}]},{"@type":"WebSite","@id":"https:\/\/www.cadellarteluxury.com\/fr\/#website","url":"https:\/\/www.cadellarteluxury.com\/fr\/","name":"Ca' Dell\u2019Arte Luxury","description":"Ecco un altro sito ms.decms.eu","potentialAction":[{"@type":"SearchAction","target":{"@type":"EntryPoint","urlTemplate":"https:\/\/www.cadellarteluxury.com\/fr\/?s={search_term_string}"},"query-input":{"@type":"PropertyValueSpecification","valueRequired":true,"valueName":"search_term_string"}}],"inLanguage":"fr-FR"}]}},"acf":[],"_links":{"self":[{"href":"https:\/\/www.cadellarteluxury.com\/fr\/wp-json\/wp\/v2\/pages\/445","targetHints":{"allow":["GET"]}}],"collection":[{"href":"https:\/\/www.cadellarteluxury.com\/fr\/wp-json\/wp\/v2\/pages"}],"about":[{"href":"https:\/\/www.cadellarteluxury.com\/fr\/wp-json\/wp\/v2\/types\/page"}],"author":[{"embeddable":true,"href":"https:\/\/www.cadellarteluxury.com\/fr\/wp-json\/wp\/v2\/users\/331"}],"replies":[{"embeddable":true,"href":"https:\/\/www.cadellarteluxury.com\/fr\/wp-json\/wp\/v2\/comments?post=445"}],"version-history":[{"count":0,"href":"https:\/\/www.cadellarteluxury.com\/fr\/wp-json\/wp\/v2\/pages\/445\/revisions"}],"up":[{"embeddable":true,"href":"https:\/\/www.cadellarteluxury.com\/fr\/wp-json\/wp\/v2\/pages\/196"}],"wp:featuredmedia":[{"embeddable":true,"href":"https:\/\/www.cadellarteluxury.com\/fr\/wp-json\/wp\/v2\/media\/182"}],"wp:attachment":[{"href":"https:\/\/www.cadellarteluxury.com\/fr\/wp-json\/wp\/v2\/media?parent=445"}],"curies":[{"name":"wp","href":"https:\/\/api.w.org\/{rel}","templated":true}]}}