{"id":276,"date":"2021-07-05T15:53:40","date_gmt":"2021-07-05T13:53:40","guid":{"rendered":"https:\/\/cadellarteluxury.ms.decms.eu\/?page_id=276"},"modified":"2021-07-05T15:53:40","modified_gmt":"2021-07-05T13:53:40","slug":"iles","status":"publish","type":"page","link":"https:\/\/www.cadellarteluxury.com\/fr\/venise-et-ses-environs\/iles\/","title":{"rendered":"\u00celes"},"content":{"rendered":"<p><strong>Murano\u00a0:<br \/>\n<\/strong>Murano (Muran en v\u00e9nitien) est un centre habit\u00e9 de la lagune de Venise, situ\u00e9 au nord-est de Venise et compos\u00e9 de sept \u00eeles.<\/p>\n<p>Les \u00eeles sur lesquelles se dresse Murano sont situ\u00e9es le long du canal de Marani et sont divis\u00e9es par des canaux et des canaux et reli\u00e9es entre elles par des ponts ; leur territoire est totalement urbanis\u00e9, \u00e0 l&rsquo;exception de Sacca San Mattia, qui est toujours en cours de remise en \u00e9tat. Deux \u00eeles sont d&rsquo;origine artificielle : Sacca Serenella et Sacca San Mattia. Le centre est connu dans le monde entier pour l&rsquo;activit\u00e9 artisanale s\u00e9culaire qui produit le verre de Murano.<\/p>\n<p>&nbsp;<\/p>\n<p><strong>Burano\u00a0:<br \/>\n<\/strong>Burano (Bur\u00e0n en V\u00e9n\u00e9tie) Il fait partie de la commune de Venise et en particulier de la commune de Venise-Murano-Burano. Elle est reli\u00e9e par un pont \u00e0 l&rsquo;\u00eele de Mazzorbo, devenue une sorte d&rsquo;appendice. La ville est connue pour ses maisons typiques aux couleurs vives et pour les travaux d&rsquo;aiguille centenaires de la dentelle de Burano. Les traditions gastronomiques sont remarquables; les bonbons typiques sont le bussolai<\/p>\n<p>&nbsp;<\/p>\n<p><strong>Torcello\u00a0:<br \/>\n<\/strong>Torcello (Torce\u0142o en dialecte v\u00e9nitien) est une \u00eele du nord de la lagune v\u00e9nitienne.<\/p>\n<p>C&rsquo;\u00e9tait l&rsquo;un des \u00e9tablissements les plus anciens et les plus prosp\u00e8res de la lagune, jusqu&rsquo;\u00e0 son d\u00e9clin suite \u00e0 la pr\u00e9dominance de la ville voisine de Venise et aux conditions environnementales changeantes. Actuellement, l&rsquo;\u00eele ne compte que onze habitants, mais le patrimoine arch\u00e9ologique inestimable qu&rsquo;elle conserve encore en fait un lieu touristique tr\u00e8s pris\u00e9.<\/p>\n<p>&nbsp;<\/p>\n<p><strong>Malamocco\u00a0:<br \/>\n<\/strong>Malamocco est l&rsquo;une des plus anciennes colonies de la lagune de Venise et a ses racines \u00e0 l&rsquo;\u00e9poque romaine. A cette \u00e9poque, il repr\u00e9sentait le port de Padoue, auquel il \u00e9tait directement connect\u00e9 \u00e9tant \u00e0 l&#8217;embouchure du Medoacus Maior (d&rsquo;o\u00f9 le nom), l&rsquo;actuelle Brenta. Il est probable que la ville \u00e9tait \u00e9galement facilement accessible depuis d&rsquo;autres centres importants tels que Ravenne, Altino et Aquil\u00e9e gr\u00e2ce au transit de la Via Popilia.<\/p>\n","protected":false},"excerpt":{"rendered":"<p>Murano\u00a0: Murano (Muran en v\u00e9nitien) est un centre habit\u00e9 de la lagune de Venise, situ\u00e9 au nord-est de Venise et compos\u00e9 de sept \u00eeles. Les \u00eeles sur lesquelles se dresse Murano sont situ\u00e9es le long du canal de Marani et sont divis\u00e9es par des canaux et des canaux et reli\u00e9es entre elles par des ponts [&hellip;]<\/p>\n","protected":false},"author":13,"featured_media":0,"parent":243,"menu_order":20,"comment_status":"closed","ping_status":"closed","template":"","meta":{"footnotes":""},"class_list":["post-276","page","type-page","status-publish","hentry"],"yoast_head":"<!-- This site is optimized with the Yoast SEO plugin v26.9 - https:\/\/yoast.com\/product\/yoast-seo-wordpress\/ -->\n<title>\u00celes ~ Ca&#039; Dell\u2019Arte Luxury<\/title>\n<meta name=\"robots\" content=\"index, follow, max-snippet:-1, max-image-preview:large, max-video-preview:-1\" \/>\n<link rel=\"canonical\" href=\"https:\/\/www.cadellarteluxury.com\/fr\/venise-et-ses-environs\/iles\/\" \/>\n<meta property=\"og:locale\" content=\"fr_FR\" \/>\n<meta property=\"og:type\" content=\"article\" \/>\n<meta property=\"og:title\" content=\"\u00celes ~ Ca&#039; Dell\u2019Arte Luxury\" \/>\n<meta property=\"og:description\" content=\"Murano\u00a0: Murano (Muran en v\u00e9nitien) est un centre habit\u00e9 de la lagune de Venise, situ\u00e9 au nord-est de Venise et compos\u00e9 de sept \u00eeles. Les \u00eeles sur lesquelles se dresse Murano sont situ\u00e9es le long du canal de Marani et sont divis\u00e9es par des canaux et des canaux et reli\u00e9es entre elles par des ponts [&hellip;]\" \/>\n<meta property=\"og:url\" content=\"https:\/\/www.cadellarteluxury.com\/fr\/venise-et-ses-environs\/iles\/\" \/>\n<meta property=\"og:site_name\" content=\"Ca&#039; Dell\u2019Arte Luxury\" \/>\n<meta name=\"twitter:card\" content=\"summary_large_image\" \/>\n<meta name=\"twitter:label1\" content=\"Dur\u00e9e de lecture estim\u00e9e\" \/>\n\t<meta name=\"twitter:data1\" content=\"2 minutes\" \/>\n<script type=\"application\/ld+json\" class=\"yoast-schema-graph\">{\"@context\":\"https:\/\/schema.org\",\"@graph\":[{\"@type\":\"WebPage\",\"@id\":\"https:\/\/www.cadellarteluxury.com\/fr\/venise-et-ses-environs\/iles\/\",\"url\":\"https:\/\/www.cadellarteluxury.com\/fr\/venise-et-ses-environs\/iles\/\",\"name\":\"\u00celes ~ Ca' Dell\u2019Arte Luxury\",\"isPartOf\":{\"@id\":\"https:\/\/www.cadellarteluxury.com\/fr\/#website\"},\"datePublished\":\"2021-07-05T13:53:40+00:00\",\"breadcrumb\":{\"@id\":\"https:\/\/www.cadellarteluxury.com\/fr\/venise-et-ses-environs\/iles\/#breadcrumb\"},\"inLanguage\":\"fr-FR\",\"potentialAction\":[{\"@type\":\"ReadAction\",\"target\":[\"https:\/\/www.cadellarteluxury.com\/fr\/venise-et-ses-environs\/iles\/\"]}]},{\"@type\":\"BreadcrumbList\",\"@id\":\"https:\/\/www.cadellarteluxury.com\/fr\/venise-et-ses-environs\/iles\/#breadcrumb\",\"itemListElement\":[{\"@type\":\"ListItem\",\"position\":1,\"name\":\"Home\",\"item\":\"https:\/\/www.cadellarteluxury.com\/fr\/\"},{\"@type\":\"ListItem\",\"position\":2,\"name\":\"Venise et ses environs\",\"item\":\"https:\/\/www.cadellarteluxury.com\/fr\/venise-et-ses-environs\/\"},{\"@type\":\"ListItem\",\"position\":3,\"name\":\"\u00celes\"}]},{\"@type\":\"WebSite\",\"@id\":\"https:\/\/www.cadellarteluxury.com\/fr\/#website\",\"url\":\"https:\/\/www.cadellarteluxury.com\/fr\/\",\"name\":\"Ca' Dell\u2019Arte Luxury\",\"description\":\"Ecco un altro sito ms.decms.eu\",\"potentialAction\":[{\"@type\":\"SearchAction\",\"target\":{\"@type\":\"EntryPoint\",\"urlTemplate\":\"https:\/\/www.cadellarteluxury.com\/fr\/?s={search_term_string}\"},\"query-input\":{\"@type\":\"PropertyValueSpecification\",\"valueRequired\":true,\"valueName\":\"search_term_string\"}}],\"inLanguage\":\"fr-FR\"}]}<\/script>\n<!-- \/ Yoast SEO plugin. -->","yoast_head_json":{"title":"\u00celes ~ Ca' Dell\u2019Arte Luxury","robots":{"index":"index","follow":"follow","max-snippet":"max-snippet:-1","max-image-preview":"max-image-preview:large","max-video-preview":"max-video-preview:-1"},"canonical":"https:\/\/www.cadellarteluxury.com\/fr\/venise-et-ses-environs\/iles\/","og_locale":"fr_FR","og_type":"article","og_title":"\u00celes ~ Ca' Dell\u2019Arte Luxury","og_description":"Murano\u00a0: Murano (Muran en v\u00e9nitien) est un centre habit\u00e9 de la lagune de Venise, situ\u00e9 au nord-est de Venise et compos\u00e9 de sept \u00eeles. Les \u00eeles sur lesquelles se dresse Murano sont situ\u00e9es le long du canal de Marani et sont divis\u00e9es par des canaux et des canaux et reli\u00e9es entre elles par des ponts [&hellip;]","og_url":"https:\/\/www.cadellarteluxury.com\/fr\/venise-et-ses-environs\/iles\/","og_site_name":"Ca' Dell\u2019Arte Luxury","twitter_card":"summary_large_image","twitter_misc":{"Dur\u00e9e de lecture estim\u00e9e":"2 minutes"},"schema":{"@context":"https:\/\/schema.org","@graph":[{"@type":"WebPage","@id":"https:\/\/www.cadellarteluxury.com\/fr\/venise-et-ses-environs\/iles\/","url":"https:\/\/www.cadellarteluxury.com\/fr\/venise-et-ses-environs\/iles\/","name":"\u00celes ~ Ca' Dell\u2019Arte Luxury","isPartOf":{"@id":"https:\/\/www.cadellarteluxury.com\/fr\/#website"},"datePublished":"2021-07-05T13:53:40+00:00","breadcrumb":{"@id":"https:\/\/www.cadellarteluxury.com\/fr\/venise-et-ses-environs\/iles\/#breadcrumb"},"inLanguage":"fr-FR","potentialAction":[{"@type":"ReadAction","target":["https:\/\/www.cadellarteluxury.com\/fr\/venise-et-ses-environs\/iles\/"]}]},{"@type":"BreadcrumbList","@id":"https:\/\/www.cadellarteluxury.com\/fr\/venise-et-ses-environs\/iles\/#breadcrumb","itemListElement":[{"@type":"ListItem","position":1,"name":"Home","item":"https:\/\/www.cadellarteluxury.com\/fr\/"},{"@type":"ListItem","position":2,"name":"Venise et ses environs","item":"https:\/\/www.cadellarteluxury.com\/fr\/venise-et-ses-environs\/"},{"@type":"ListItem","position":3,"name":"\u00celes"}]},{"@type":"WebSite","@id":"https:\/\/www.cadellarteluxury.com\/fr\/#website","url":"https:\/\/www.cadellarteluxury.com\/fr\/","name":"Ca' Dell\u2019Arte Luxury","description":"Ecco un altro sito ms.decms.eu","potentialAction":[{"@type":"SearchAction","target":{"@type":"EntryPoint","urlTemplate":"https:\/\/www.cadellarteluxury.com\/fr\/?s={search_term_string}"},"query-input":{"@type":"PropertyValueSpecification","valueRequired":true,"valueName":"search_term_string"}}],"inLanguage":"fr-FR"}]}},"acf":[],"_links":{"self":[{"href":"https:\/\/www.cadellarteluxury.com\/fr\/wp-json\/wp\/v2\/pages\/276","targetHints":{"allow":["GET"]}}],"collection":[{"href":"https:\/\/www.cadellarteluxury.com\/fr\/wp-json\/wp\/v2\/pages"}],"about":[{"href":"https:\/\/www.cadellarteluxury.com\/fr\/wp-json\/wp\/v2\/types\/page"}],"author":[{"embeddable":true,"href":"https:\/\/www.cadellarteluxury.com\/fr\/wp-json\/wp\/v2\/users\/13"}],"replies":[{"embeddable":true,"href":"https:\/\/www.cadellarteluxury.com\/fr\/wp-json\/wp\/v2\/comments?post=276"}],"version-history":[{"count":0,"href":"https:\/\/www.cadellarteluxury.com\/fr\/wp-json\/wp\/v2\/pages\/276\/revisions"}],"up":[{"embeddable":true,"href":"https:\/\/www.cadellarteluxury.com\/fr\/wp-json\/wp\/v2\/pages\/243"}],"wp:attachment":[{"href":"https:\/\/www.cadellarteluxury.com\/fr\/wp-json\/wp\/v2\/media?parent=276"}],"curies":[{"name":"wp","href":"https:\/\/api.w.org\/{rel}","templated":true}]}}