{"id":270,"date":"2021-07-05T15:48:44","date_gmt":"2021-07-05T13:48:44","guid":{"rendered":"https:\/\/cadellarteluxury.ms.decms.eu\/?page_id=270"},"modified":"2021-07-05T15:48:44","modified_gmt":"2021-07-05T13:48:44","slug":"aeroport-antonio-canova-trevise","status":"publish","type":"page","link":"https:\/\/www.cadellarteluxury.com\/fr\/ou-nous-sommes\/aeroport-antonio-canova-trevise\/","title":{"rendered":"A\u00e9roport Antonio Canova (Tr\u00e9vise)"},"content":{"rendered":"<p>Service de bus public ATVO jusqu&rsquo;\u00e0 Piazzale Roma. Puis prendre la ligne 1 en direction de San Marco Lido, jusqu&rsquo;\u00e0 l&rsquo;arr\u00eat Sant&rsquo;Angelo<\/p>\n","protected":false},"excerpt":{"rendered":"<p>Service de bus public ATVO jusqu&rsquo;\u00e0 Piazzale Roma. Puis prendre la ligne 1 en direction de San Marco Lido, jusqu&rsquo;\u00e0 l&rsquo;arr\u00eat Sant&rsquo;Angelo<\/p>\n","protected":false},"author":13,"featured_media":0,"parent":193,"menu_order":20,"comment_status":"closed","ping_status":"closed","template":"","meta":{"footnotes":""},"class_list":["post-270","page","type-page","status-publish","hentry"],"yoast_head":"<!-- This site is optimized with the Yoast SEO plugin v26.9 - https:\/\/yoast.com\/product\/yoast-seo-wordpress\/ -->\n<title>A\u00e9roport Antonio Canova (Tr\u00e9vise) ~ Ca&#039; Dell\u2019Arte Luxury<\/title>\n<meta name=\"robots\" content=\"index, follow, max-snippet:-1, max-image-preview:large, max-video-preview:-1\" \/>\n<link rel=\"canonical\" href=\"https:\/\/www.cadellarteluxury.com\/fr\/ou-nous-sommes\/aeroport-antonio-canova-trevise\/\" \/>\n<meta property=\"og:locale\" content=\"fr_FR\" \/>\n<meta property=\"og:type\" content=\"article\" \/>\n<meta property=\"og:title\" content=\"A\u00e9roport Antonio Canova (Tr\u00e9vise) ~ Ca&#039; Dell\u2019Arte Luxury\" \/>\n<meta property=\"og:description\" content=\"Service de bus public ATVO jusqu&rsquo;\u00e0 Piazzale Roma. Puis prendre la ligne 1 en direction de San Marco Lido, jusqu&rsquo;\u00e0 l&rsquo;arr\u00eat Sant&rsquo;Angelo\" \/>\n<meta property=\"og:url\" content=\"https:\/\/www.cadellarteluxury.com\/fr\/ou-nous-sommes\/aeroport-antonio-canova-trevise\/\" \/>\n<meta property=\"og:site_name\" content=\"Ca&#039; Dell\u2019Arte Luxury\" \/>\n<meta name=\"twitter:card\" content=\"summary_large_image\" \/>\n<script type=\"application\/ld+json\" class=\"yoast-schema-graph\">{\"@context\":\"https:\/\/schema.org\",\"@graph\":[{\"@type\":\"WebPage\",\"@id\":\"https:\/\/www.cadellarteluxury.com\/fr\/ou-nous-sommes\/aeroport-antonio-canova-trevise\/\",\"url\":\"https:\/\/www.cadellarteluxury.com\/fr\/ou-nous-sommes\/aeroport-antonio-canova-trevise\/\",\"name\":\"A\u00e9roport Antonio Canova (Tr\u00e9vise) ~ Ca' Dell\u2019Arte Luxury\",\"isPartOf\":{\"@id\":\"https:\/\/www.cadellarteluxury.com\/fr\/#website\"},\"datePublished\":\"2021-07-05T13:48:44+00:00\",\"breadcrumb\":{\"@id\":\"https:\/\/www.cadellarteluxury.com\/fr\/ou-nous-sommes\/aeroport-antonio-canova-trevise\/#breadcrumb\"},\"inLanguage\":\"fr-FR\",\"potentialAction\":[{\"@type\":\"ReadAction\",\"target\":[\"https:\/\/www.cadellarteluxury.com\/fr\/ou-nous-sommes\/aeroport-antonio-canova-trevise\/\"]}]},{\"@type\":\"BreadcrumbList\",\"@id\":\"https:\/\/www.cadellarteluxury.com\/fr\/ou-nous-sommes\/aeroport-antonio-canova-trevise\/#breadcrumb\",\"itemListElement\":[{\"@type\":\"ListItem\",\"position\":1,\"name\":\"Home\",\"item\":\"https:\/\/www.cadellarteluxury.com\/fr\/\"},{\"@type\":\"ListItem\",\"position\":2,\"name\":\"O\u00f9 nous sommes\",\"item\":\"https:\/\/www.cadellarteluxury.com\/fr\/ou-nous-sommes\/\"},{\"@type\":\"ListItem\",\"position\":3,\"name\":\"A\u00e9roport Antonio Canova (Tr\u00e9vise)\"}]},{\"@type\":\"WebSite\",\"@id\":\"https:\/\/www.cadellarteluxury.com\/fr\/#website\",\"url\":\"https:\/\/www.cadellarteluxury.com\/fr\/\",\"name\":\"Ca' Dell\u2019Arte Luxury\",\"description\":\"Ecco un altro sito ms.decms.eu\",\"potentialAction\":[{\"@type\":\"SearchAction\",\"target\":{\"@type\":\"EntryPoint\",\"urlTemplate\":\"https:\/\/www.cadellarteluxury.com\/fr\/?s={search_term_string}\"},\"query-input\":{\"@type\":\"PropertyValueSpecification\",\"valueRequired\":true,\"valueName\":\"search_term_string\"}}],\"inLanguage\":\"fr-FR\"}]}<\/script>\n<!-- \/ Yoast SEO plugin. -->","yoast_head_json":{"title":"A\u00e9roport Antonio Canova (Tr\u00e9vise) ~ Ca' Dell\u2019Arte Luxury","robots":{"index":"index","follow":"follow","max-snippet":"max-snippet:-1","max-image-preview":"max-image-preview:large","max-video-preview":"max-video-preview:-1"},"canonical":"https:\/\/www.cadellarteluxury.com\/fr\/ou-nous-sommes\/aeroport-antonio-canova-trevise\/","og_locale":"fr_FR","og_type":"article","og_title":"A\u00e9roport Antonio Canova (Tr\u00e9vise) ~ Ca' Dell\u2019Arte Luxury","og_description":"Service de bus public ATVO jusqu&rsquo;\u00e0 Piazzale Roma. Puis prendre la ligne 1 en direction de San Marco Lido, jusqu&rsquo;\u00e0 l&rsquo;arr\u00eat Sant&rsquo;Angelo","og_url":"https:\/\/www.cadellarteluxury.com\/fr\/ou-nous-sommes\/aeroport-antonio-canova-trevise\/","og_site_name":"Ca' Dell\u2019Arte Luxury","twitter_card":"summary_large_image","schema":{"@context":"https:\/\/schema.org","@graph":[{"@type":"WebPage","@id":"https:\/\/www.cadellarteluxury.com\/fr\/ou-nous-sommes\/aeroport-antonio-canova-trevise\/","url":"https:\/\/www.cadellarteluxury.com\/fr\/ou-nous-sommes\/aeroport-antonio-canova-trevise\/","name":"A\u00e9roport Antonio Canova (Tr\u00e9vise) ~ Ca' Dell\u2019Arte Luxury","isPartOf":{"@id":"https:\/\/www.cadellarteluxury.com\/fr\/#website"},"datePublished":"2021-07-05T13:48:44+00:00","breadcrumb":{"@id":"https:\/\/www.cadellarteluxury.com\/fr\/ou-nous-sommes\/aeroport-antonio-canova-trevise\/#breadcrumb"},"inLanguage":"fr-FR","potentialAction":[{"@type":"ReadAction","target":["https:\/\/www.cadellarteluxury.com\/fr\/ou-nous-sommes\/aeroport-antonio-canova-trevise\/"]}]},{"@type":"BreadcrumbList","@id":"https:\/\/www.cadellarteluxury.com\/fr\/ou-nous-sommes\/aeroport-antonio-canova-trevise\/#breadcrumb","itemListElement":[{"@type":"ListItem","position":1,"name":"Home","item":"https:\/\/www.cadellarteluxury.com\/fr\/"},{"@type":"ListItem","position":2,"name":"O\u00f9 nous sommes","item":"https:\/\/www.cadellarteluxury.com\/fr\/ou-nous-sommes\/"},{"@type":"ListItem","position":3,"name":"A\u00e9roport Antonio Canova (Tr\u00e9vise)"}]},{"@type":"WebSite","@id":"https:\/\/www.cadellarteluxury.com\/fr\/#website","url":"https:\/\/www.cadellarteluxury.com\/fr\/","name":"Ca' Dell\u2019Arte Luxury","description":"Ecco un altro sito ms.decms.eu","potentialAction":[{"@type":"SearchAction","target":{"@type":"EntryPoint","urlTemplate":"https:\/\/www.cadellarteluxury.com\/fr\/?s={search_term_string}"},"query-input":{"@type":"PropertyValueSpecification","valueRequired":true,"valueName":"search_term_string"}}],"inLanguage":"fr-FR"}]}},"acf":[],"_links":{"self":[{"href":"https:\/\/www.cadellarteluxury.com\/fr\/wp-json\/wp\/v2\/pages\/270","targetHints":{"allow":["GET"]}}],"collection":[{"href":"https:\/\/www.cadellarteluxury.com\/fr\/wp-json\/wp\/v2\/pages"}],"about":[{"href":"https:\/\/www.cadellarteluxury.com\/fr\/wp-json\/wp\/v2\/types\/page"}],"author":[{"embeddable":true,"href":"https:\/\/www.cadellarteluxury.com\/fr\/wp-json\/wp\/v2\/users\/13"}],"replies":[{"embeddable":true,"href":"https:\/\/www.cadellarteluxury.com\/fr\/wp-json\/wp\/v2\/comments?post=270"}],"version-history":[{"count":0,"href":"https:\/\/www.cadellarteluxury.com\/fr\/wp-json\/wp\/v2\/pages\/270\/revisions"}],"up":[{"embeddable":true,"href":"https:\/\/www.cadellarteluxury.com\/fr\/wp-json\/wp\/v2\/pages\/193"}],"wp:attachment":[{"href":"https:\/\/www.cadellarteluxury.com\/fr\/wp-json\/wp\/v2\/media?parent=270"}],"curies":[{"name":"wp","href":"https:\/\/api.w.org\/{rel}","templated":true}]}}