{"id":199,"date":"2021-06-09T17:46:00","date_gmt":"2021-06-09T15:46:00","guid":{"rendered":"https:\/\/cadellarteluxury.ms.decms.eu\/?page_id=199"},"modified":"2025-10-22T11:38:24","modified_gmt":"2025-10-22T09:38:24","slug":"appartement-de-luxe","status":"publish","type":"page","link":"https:\/\/www.cadellarteluxury.com\/fr\/nos-appartements\/appartement-de-luxe\/","title":{"rendered":"Appartement de Luxe"},"content":{"rendered":"<p><strong>Superficie de la chambre :<\/strong> 105 m\u00b2<\/p>\n<p><strong>Chambre 1 :<\/strong> 1 lit double + salle de bain privative<br \/>\n<strong>Chambre 2 :<\/strong> 1 lit double + salle de bain privative<br \/>\n<strong>Chambre 3 :<\/strong> 1 canap\u00e9-lit<\/p>\n<p>\u00c9l\u00e9gant appartement avec 2 chambres doubles, 2 salles de bains, salon avec canap\u00e9-lit, salon, cuisine et connexion Wi-Fi gratuite.<\/p>\n<p><strong>\u00c9quipements de la chambre:<\/strong> climatisation, fer et planche \u00e0 repasser, coin salon, lave-linge, chauffage, entr\u00e9e priv\u00e9e, canap\u00e9, parquet ou parquet, armoire \/ penderie, douche, s\u00e8che-cheveux, articles de toilette gratuits, toilettes, salle de bain priv\u00e9e, douche, t\u00e9l\u00e9phone, satellite Cha\u00eenes, TV \u00e9cran plat, kitchenette, r\u00e9frig\u00e9rateur, micro-ondes, cuisine, coin repas, ustensiles de cuisine, serviettes, linge de maison.<\/p>\n<p>Une connexion Wi-Fi gratuite est disponible dans toutes les chambres.<\/p>\n","protected":false},"excerpt":{"rendered":"<p>Superficie de la chambre : 105 m\u00b2 Chambre 1 : 1 lit double + salle de bain privative Chambre 2 : 1 lit double + salle de bain privative Chambre 3 : 1 canap\u00e9-lit \u00c9l\u00e9gant appartement avec 2 chambres doubles, 2 salles de bains, salon avec canap\u00e9-lit, salon, cuisine et connexion Wi-Fi gratuite. \u00c9quipements de [&hellip;]<\/p>\n","protected":false},"author":13,"featured_media":0,"parent":196,"menu_order":10,"comment_status":"closed","ping_status":"closed","template":"template-single-room.php","meta":{"footnotes":""},"class_list":["post-199","page","type-page","status-publish","hentry"],"yoast_head":"<!-- This site is optimized with the Yoast SEO plugin v26.9 - https:\/\/yoast.com\/product\/yoast-seo-wordpress\/ -->\n<title>Appartement de Luxe ~ Ca&#039; Dell\u2019Arte Luxury<\/title>\n<meta name=\"robots\" content=\"index, follow, max-snippet:-1, max-image-preview:large, max-video-preview:-1\" \/>\n<link rel=\"canonical\" href=\"https:\/\/www.cadellarteluxury.com\/fr\/nos-appartements\/appartement-de-luxe\/\" \/>\n<meta property=\"og:locale\" content=\"fr_FR\" \/>\n<meta property=\"og:type\" content=\"article\" \/>\n<meta property=\"og:title\" content=\"Appartement de Luxe ~ Ca&#039; Dell\u2019Arte Luxury\" \/>\n<meta property=\"og:description\" content=\"Superficie de la chambre : 105 m\u00b2 Chambre 1 : 1 lit double + salle de bain privative Chambre 2 : 1 lit double + salle de bain privative Chambre 3 : 1 canap\u00e9-lit \u00c9l\u00e9gant appartement avec 2 chambres doubles, 2 salles de bains, salon avec canap\u00e9-lit, salon, cuisine et connexion Wi-Fi gratuite. \u00c9quipements de [&hellip;]\" \/>\n<meta property=\"og:url\" content=\"https:\/\/www.cadellarteluxury.com\/fr\/nos-appartements\/appartement-de-luxe\/\" \/>\n<meta property=\"og:site_name\" content=\"Ca&#039; Dell\u2019Arte Luxury\" \/>\n<meta property=\"article:modified_time\" content=\"2025-10-22T09:38:24+00:00\" \/>\n<meta name=\"twitter:card\" content=\"summary_large_image\" \/>\n<meta name=\"twitter:label1\" content=\"Dur\u00e9e de lecture estim\u00e9e\" \/>\n\t<meta name=\"twitter:data1\" content=\"1 minute\" \/>\n<script type=\"application\/ld+json\" class=\"yoast-schema-graph\">{\"@context\":\"https:\/\/schema.org\",\"@graph\":[{\"@type\":\"WebPage\",\"@id\":\"https:\/\/www.cadellarteluxury.com\/fr\/nos-appartements\/appartement-de-luxe\/\",\"url\":\"https:\/\/www.cadellarteluxury.com\/fr\/nos-appartements\/appartement-de-luxe\/\",\"name\":\"Appartement de Luxe ~ Ca' Dell\u2019Arte Luxury\",\"isPartOf\":{\"@id\":\"https:\/\/www.cadellarteluxury.com\/fr\/#website\"},\"datePublished\":\"2021-06-09T15:46:00+00:00\",\"dateModified\":\"2025-10-22T09:38:24+00:00\",\"breadcrumb\":{\"@id\":\"https:\/\/www.cadellarteluxury.com\/fr\/nos-appartements\/appartement-de-luxe\/#breadcrumb\"},\"inLanguage\":\"fr-FR\",\"potentialAction\":[{\"@type\":\"ReadAction\",\"target\":[\"https:\/\/www.cadellarteluxury.com\/fr\/nos-appartements\/appartement-de-luxe\/\"]}]},{\"@type\":\"BreadcrumbList\",\"@id\":\"https:\/\/www.cadellarteluxury.com\/fr\/nos-appartements\/appartement-de-luxe\/#breadcrumb\",\"itemListElement\":[{\"@type\":\"ListItem\",\"position\":1,\"name\":\"Home\",\"item\":\"https:\/\/www.cadellarteluxury.com\/fr\/\"},{\"@type\":\"ListItem\",\"position\":2,\"name\":\"Nos appartements\",\"item\":\"https:\/\/www.cadellarteluxury.com\/fr\/nos-appartements\/\"},{\"@type\":\"ListItem\",\"position\":3,\"name\":\"Appartement de Luxe\"}]},{\"@type\":\"WebSite\",\"@id\":\"https:\/\/www.cadellarteluxury.com\/fr\/#website\",\"url\":\"https:\/\/www.cadellarteluxury.com\/fr\/\",\"name\":\"Ca' Dell\u2019Arte Luxury\",\"description\":\"Ecco un altro sito ms.decms.eu\",\"potentialAction\":[{\"@type\":\"SearchAction\",\"target\":{\"@type\":\"EntryPoint\",\"urlTemplate\":\"https:\/\/www.cadellarteluxury.com\/fr\/?s={search_term_string}\"},\"query-input\":{\"@type\":\"PropertyValueSpecification\",\"valueRequired\":true,\"valueName\":\"search_term_string\"}}],\"inLanguage\":\"fr-FR\"}]}<\/script>\n<!-- \/ Yoast SEO plugin. -->","yoast_head_json":{"title":"Appartement de Luxe ~ Ca' Dell\u2019Arte Luxury","robots":{"index":"index","follow":"follow","max-snippet":"max-snippet:-1","max-image-preview":"max-image-preview:large","max-video-preview":"max-video-preview:-1"},"canonical":"https:\/\/www.cadellarteluxury.com\/fr\/nos-appartements\/appartement-de-luxe\/","og_locale":"fr_FR","og_type":"article","og_title":"Appartement de Luxe ~ Ca' Dell\u2019Arte Luxury","og_description":"Superficie de la chambre : 105 m\u00b2 Chambre 1 : 1 lit double + salle de bain privative Chambre 2 : 1 lit double + salle de bain privative Chambre 3 : 1 canap\u00e9-lit \u00c9l\u00e9gant appartement avec 2 chambres doubles, 2 salles de bains, salon avec canap\u00e9-lit, salon, cuisine et connexion Wi-Fi gratuite. \u00c9quipements de [&hellip;]","og_url":"https:\/\/www.cadellarteluxury.com\/fr\/nos-appartements\/appartement-de-luxe\/","og_site_name":"Ca' Dell\u2019Arte Luxury","article_modified_time":"2025-10-22T09:38:24+00:00","twitter_card":"summary_large_image","twitter_misc":{"Dur\u00e9e de lecture estim\u00e9e":"1 minute"},"schema":{"@context":"https:\/\/schema.org","@graph":[{"@type":"WebPage","@id":"https:\/\/www.cadellarteluxury.com\/fr\/nos-appartements\/appartement-de-luxe\/","url":"https:\/\/www.cadellarteluxury.com\/fr\/nos-appartements\/appartement-de-luxe\/","name":"Appartement de Luxe ~ Ca' Dell\u2019Arte Luxury","isPartOf":{"@id":"https:\/\/www.cadellarteluxury.com\/fr\/#website"},"datePublished":"2021-06-09T15:46:00+00:00","dateModified":"2025-10-22T09:38:24+00:00","breadcrumb":{"@id":"https:\/\/www.cadellarteluxury.com\/fr\/nos-appartements\/appartement-de-luxe\/#breadcrumb"},"inLanguage":"fr-FR","potentialAction":[{"@type":"ReadAction","target":["https:\/\/www.cadellarteluxury.com\/fr\/nos-appartements\/appartement-de-luxe\/"]}]},{"@type":"BreadcrumbList","@id":"https:\/\/www.cadellarteluxury.com\/fr\/nos-appartements\/appartement-de-luxe\/#breadcrumb","itemListElement":[{"@type":"ListItem","position":1,"name":"Home","item":"https:\/\/www.cadellarteluxury.com\/fr\/"},{"@type":"ListItem","position":2,"name":"Nos appartements","item":"https:\/\/www.cadellarteluxury.com\/fr\/nos-appartements\/"},{"@type":"ListItem","position":3,"name":"Appartement de Luxe"}]},{"@type":"WebSite","@id":"https:\/\/www.cadellarteluxury.com\/fr\/#website","url":"https:\/\/www.cadellarteluxury.com\/fr\/","name":"Ca' Dell\u2019Arte Luxury","description":"Ecco un altro sito ms.decms.eu","potentialAction":[{"@type":"SearchAction","target":{"@type":"EntryPoint","urlTemplate":"https:\/\/www.cadellarteluxury.com\/fr\/?s={search_term_string}"},"query-input":{"@type":"PropertyValueSpecification","valueRequired":true,"valueName":"search_term_string"}}],"inLanguage":"fr-FR"}]}},"acf":[],"_links":{"self":[{"href":"https:\/\/www.cadellarteluxury.com\/fr\/wp-json\/wp\/v2\/pages\/199","targetHints":{"allow":["GET"]}}],"collection":[{"href":"https:\/\/www.cadellarteluxury.com\/fr\/wp-json\/wp\/v2\/pages"}],"about":[{"href":"https:\/\/www.cadellarteluxury.com\/fr\/wp-json\/wp\/v2\/types\/page"}],"author":[{"embeddable":true,"href":"https:\/\/www.cadellarteluxury.com\/fr\/wp-json\/wp\/v2\/users\/13"}],"replies":[{"embeddable":true,"href":"https:\/\/www.cadellarteluxury.com\/fr\/wp-json\/wp\/v2\/comments?post=199"}],"version-history":[{"count":0,"href":"https:\/\/www.cadellarteluxury.com\/fr\/wp-json\/wp\/v2\/pages\/199\/revisions"}],"up":[{"embeddable":true,"href":"https:\/\/www.cadellarteluxury.com\/fr\/wp-json\/wp\/v2\/pages\/196"}],"wp:attachment":[{"href":"https:\/\/www.cadellarteluxury.com\/fr\/wp-json\/wp\/v2\/media?parent=199"}],"curies":[{"name":"wp","href":"https:\/\/api.w.org\/{rel}","templated":true}]}}