{"id":193,"date":"2021-06-09T17:39:31","date_gmt":"2021-06-09T15:39:31","guid":{"rendered":"https:\/\/cadellarteluxury.ms.decms.eu\/?page_id=193"},"modified":"2021-06-16T15:52:40","modified_gmt":"2021-06-16T13:52:40","slug":"ou-nous-sommes","status":"publish","type":"page","link":"https:\/\/www.cadellarteluxury.com\/fr\/ou-nous-sommes\/","title":{"rendered":"O\u00f9 nous sommes"},"content":{"rendered":"<p>Notre force est la zone centrale mais surtout la tranquillit\u00e9.<\/p>\n<p>En sortant et en prenant la calle \u00abdel Cafeter\u00bb, vous vous retrouverez au Teatro La Fenice puis via XXII Marzo et Piazza San Marco; en continuant tout droit, vous arriverez en quelques minutes \u00e0 Campo San Luca, le pont du Rialto avec le march\u00e9 aux fruits et aux poissons ; sur votre gauche le Campo Santo Stefano o\u00f9 se tiennent chaque ann\u00e9e les march\u00e9s d&rsquo;antiquit\u00e9s de San Maurizio, Palazzo Grassi, l&rsquo;Accademia.<\/p>\n<p>Dans la r\u00e9gion, il y a de nombreux restaurants et bars avec des tables pour d\u00e9guster d&rsquo;excellents plats de poisson ou un simple ap\u00e9ritif dans le calme de la S\u00e9r\u00e9nissime.<\/p>\n<p><em>Comment nous joindre:<\/em><br \/>\nDepuis la gare Santa Lucia et le parking Piazzale Roma:<br \/>\nVaporetto ligne 1 direction San Marco Lido, notre arr\u00eat est celui de Sant&rsquo;Angelo.<\/p>\n","protected":false},"excerpt":{"rendered":"<p>Notre force est la zone centrale mais surtout la tranquillit\u00e9. En sortant et en prenant la calle \u00abdel Cafeter\u00bb, vous vous retrouverez au Teatro La Fenice puis via XXII Marzo et Piazza San Marco; en continuant tout droit, vous arriverez en quelques minutes \u00e0 Campo San Luca, le pont du Rialto avec le march\u00e9 aux [&hellip;]<\/p>\n","protected":false},"author":13,"featured_media":0,"parent":0,"menu_order":50,"comment_status":"closed","ping_status":"closed","template":"template-location.php","meta":{"footnotes":""},"class_list":["post-193","page","type-page","status-publish","hentry"],"yoast_head":"<!-- This site is optimized with the Yoast SEO plugin v26.9 - https:\/\/yoast.com\/product\/yoast-seo-wordpress\/ -->\n<title>O\u00f9 nous sommes ~ Ca&#039; Dell\u2019Arte Luxury<\/title>\n<meta name=\"robots\" content=\"index, follow, max-snippet:-1, max-image-preview:large, max-video-preview:-1\" \/>\n<link rel=\"canonical\" href=\"https:\/\/www.cadellarteluxury.com\/fr\/ou-nous-sommes\/\" \/>\n<meta property=\"og:locale\" content=\"fr_FR\" \/>\n<meta property=\"og:type\" content=\"article\" \/>\n<meta property=\"og:title\" content=\"O\u00f9 nous sommes ~ Ca&#039; Dell\u2019Arte Luxury\" \/>\n<meta property=\"og:description\" content=\"Notre force est la zone centrale mais surtout la tranquillit\u00e9. En sortant et en prenant la calle \u00abdel Cafeter\u00bb, vous vous retrouverez au Teatro La Fenice puis via XXII Marzo et Piazza San Marco; en continuant tout droit, vous arriverez en quelques minutes \u00e0 Campo San Luca, le pont du Rialto avec le march\u00e9 aux [&hellip;]\" \/>\n<meta property=\"og:url\" content=\"https:\/\/www.cadellarteluxury.com\/fr\/ou-nous-sommes\/\" \/>\n<meta property=\"og:site_name\" content=\"Ca&#039; Dell\u2019Arte Luxury\" \/>\n<meta property=\"article:modified_time\" content=\"2021-06-16T13:52:40+00:00\" \/>\n<meta name=\"twitter:card\" content=\"summary_large_image\" \/>\n<meta name=\"twitter:label1\" content=\"Dur\u00e9e de lecture estim\u00e9e\" \/>\n\t<meta name=\"twitter:data1\" content=\"1 minute\" \/>\n<script type=\"application\/ld+json\" class=\"yoast-schema-graph\">{\"@context\":\"https:\/\/schema.org\",\"@graph\":[{\"@type\":\"WebPage\",\"@id\":\"https:\/\/www.cadellarteluxury.com\/fr\/ou-nous-sommes\/\",\"url\":\"https:\/\/www.cadellarteluxury.com\/fr\/ou-nous-sommes\/\",\"name\":\"O\u00f9 nous sommes ~ Ca' Dell\u2019Arte Luxury\",\"isPartOf\":{\"@id\":\"https:\/\/www.cadellarteluxury.com\/fr\/#website\"},\"datePublished\":\"2021-06-09T15:39:31+00:00\",\"dateModified\":\"2021-06-16T13:52:40+00:00\",\"breadcrumb\":{\"@id\":\"https:\/\/www.cadellarteluxury.com\/fr\/ou-nous-sommes\/#breadcrumb\"},\"inLanguage\":\"fr-FR\",\"potentialAction\":[{\"@type\":\"ReadAction\",\"target\":[\"https:\/\/www.cadellarteluxury.com\/fr\/ou-nous-sommes\/\"]}]},{\"@type\":\"BreadcrumbList\",\"@id\":\"https:\/\/www.cadellarteluxury.com\/fr\/ou-nous-sommes\/#breadcrumb\",\"itemListElement\":[{\"@type\":\"ListItem\",\"position\":1,\"name\":\"Home\",\"item\":\"https:\/\/www.cadellarteluxury.com\/fr\/\"},{\"@type\":\"ListItem\",\"position\":2,\"name\":\"O\u00f9 nous sommes\"}]},{\"@type\":\"WebSite\",\"@id\":\"https:\/\/www.cadellarteluxury.com\/fr\/#website\",\"url\":\"https:\/\/www.cadellarteluxury.com\/fr\/\",\"name\":\"Ca' Dell\u2019Arte Luxury\",\"description\":\"Ecco un altro sito ms.decms.eu\",\"potentialAction\":[{\"@type\":\"SearchAction\",\"target\":{\"@type\":\"EntryPoint\",\"urlTemplate\":\"https:\/\/www.cadellarteluxury.com\/fr\/?s={search_term_string}\"},\"query-input\":{\"@type\":\"PropertyValueSpecification\",\"valueRequired\":true,\"valueName\":\"search_term_string\"}}],\"inLanguage\":\"fr-FR\"}]}<\/script>\n<!-- \/ Yoast SEO plugin. -->","yoast_head_json":{"title":"O\u00f9 nous sommes ~ Ca' Dell\u2019Arte Luxury","robots":{"index":"index","follow":"follow","max-snippet":"max-snippet:-1","max-image-preview":"max-image-preview:large","max-video-preview":"max-video-preview:-1"},"canonical":"https:\/\/www.cadellarteluxury.com\/fr\/ou-nous-sommes\/","og_locale":"fr_FR","og_type":"article","og_title":"O\u00f9 nous sommes ~ Ca' Dell\u2019Arte Luxury","og_description":"Notre force est la zone centrale mais surtout la tranquillit\u00e9. En sortant et en prenant la calle \u00abdel Cafeter\u00bb, vous vous retrouverez au Teatro La Fenice puis via XXII Marzo et Piazza San Marco; en continuant tout droit, vous arriverez en quelques minutes \u00e0 Campo San Luca, le pont du Rialto avec le march\u00e9 aux [&hellip;]","og_url":"https:\/\/www.cadellarteluxury.com\/fr\/ou-nous-sommes\/","og_site_name":"Ca' Dell\u2019Arte Luxury","article_modified_time":"2021-06-16T13:52:40+00:00","twitter_card":"summary_large_image","twitter_misc":{"Dur\u00e9e de lecture estim\u00e9e":"1 minute"},"schema":{"@context":"https:\/\/schema.org","@graph":[{"@type":"WebPage","@id":"https:\/\/www.cadellarteluxury.com\/fr\/ou-nous-sommes\/","url":"https:\/\/www.cadellarteluxury.com\/fr\/ou-nous-sommes\/","name":"O\u00f9 nous sommes ~ Ca' Dell\u2019Arte Luxury","isPartOf":{"@id":"https:\/\/www.cadellarteluxury.com\/fr\/#website"},"datePublished":"2021-06-09T15:39:31+00:00","dateModified":"2021-06-16T13:52:40+00:00","breadcrumb":{"@id":"https:\/\/www.cadellarteluxury.com\/fr\/ou-nous-sommes\/#breadcrumb"},"inLanguage":"fr-FR","potentialAction":[{"@type":"ReadAction","target":["https:\/\/www.cadellarteluxury.com\/fr\/ou-nous-sommes\/"]}]},{"@type":"BreadcrumbList","@id":"https:\/\/www.cadellarteluxury.com\/fr\/ou-nous-sommes\/#breadcrumb","itemListElement":[{"@type":"ListItem","position":1,"name":"Home","item":"https:\/\/www.cadellarteluxury.com\/fr\/"},{"@type":"ListItem","position":2,"name":"O\u00f9 nous sommes"}]},{"@type":"WebSite","@id":"https:\/\/www.cadellarteluxury.com\/fr\/#website","url":"https:\/\/www.cadellarteluxury.com\/fr\/","name":"Ca' Dell\u2019Arte Luxury","description":"Ecco un altro sito ms.decms.eu","potentialAction":[{"@type":"SearchAction","target":{"@type":"EntryPoint","urlTemplate":"https:\/\/www.cadellarteluxury.com\/fr\/?s={search_term_string}"},"query-input":{"@type":"PropertyValueSpecification","valueRequired":true,"valueName":"search_term_string"}}],"inLanguage":"fr-FR"}]}},"acf":[],"_links":{"self":[{"href":"https:\/\/www.cadellarteluxury.com\/fr\/wp-json\/wp\/v2\/pages\/193","targetHints":{"allow":["GET"]}}],"collection":[{"href":"https:\/\/www.cadellarteluxury.com\/fr\/wp-json\/wp\/v2\/pages"}],"about":[{"href":"https:\/\/www.cadellarteluxury.com\/fr\/wp-json\/wp\/v2\/types\/page"}],"author":[{"embeddable":true,"href":"https:\/\/www.cadellarteluxury.com\/fr\/wp-json\/wp\/v2\/users\/13"}],"replies":[{"embeddable":true,"href":"https:\/\/www.cadellarteluxury.com\/fr\/wp-json\/wp\/v2\/comments?post=193"}],"version-history":[{"count":0,"href":"https:\/\/www.cadellarteluxury.com\/fr\/wp-json\/wp\/v2\/pages\/193\/revisions"}],"wp:attachment":[{"href":"https:\/\/www.cadellarteluxury.com\/fr\/wp-json\/wp\/v2\/media?parent=193"}],"curies":[{"name":"wp","href":"https:\/\/api.w.org\/{rel}","templated":true}]}}