{"id":189,"date":"2021-06-09T17:35:32","date_gmt":"2021-06-09T15:35:32","guid":{"rendered":"https:\/\/cadellarteluxury.ms.decms.eu\/?page_id=189"},"modified":"2021-06-09T17:36:53","modified_gmt":"2021-06-09T15:36:53","slug":"accueil","status":"publish","type":"page","link":"https:\/\/www.cadellarteluxury.com\/fr\/","title":{"rendered":"Accueil"},"content":{"rendered":"<p>Situ\u00e9 dans le quartier de San Marco, dans un ancien b\u00e2timent surplombant Campo S. Angelo, Ca &lsquo;Dell&rsquo;Arte Luxury dispose de beaux appartements o\u00f9 nos h\u00f4tes peuvent se r\u00e9fugier dans un coin tranquille et d\u00e9couvrir les secrets de Venise<\/p>\n<p>Ouverts il y a quelques mois, nos appartements Ca &lsquo;dell&rsquo;Arte Luxury sont tous \u00e9quip\u00e9s de chauffage et climatisation ind\u00e9pendants, de deux salles de bain avec douche, d&rsquo;un s\u00e8che-serviettes, d&rsquo;un bidet et d&rsquo;une cuisine enti\u00e8rement \u00e9quip\u00e9e, le tout enti\u00e8rement aseptis\u00e9 et aseptis\u00e9 avec des produits professionnels.<br \/>\nT\u00e9l\u00e9viseurs avec cha\u00eenes internationales et ligne Internet wi-fi gratuite.<br \/>\nLes appartements, avec des tailles allant de 90 \u00e0 105 m\u00e8tres carr\u00e9s, sont grands et lumineux et mettent en valeur les lustres de style Rezzonico \/ Cadorin, v\u00e9ritables chefs-d&rsquo;\u0153uvre cr\u00e9\u00e9s par les ma\u00eetres verriers de Murano.<\/p>\n<p>Un lit b\u00e9b\u00e9 est disponible sur demande.<\/p>\n","protected":false},"excerpt":{"rendered":"<p>Situ\u00e9 dans le quartier de San Marco, dans un ancien b\u00e2timent surplombant Campo S. Angelo, Ca &lsquo;Dell&rsquo;Arte Luxury dispose de beaux appartements o\u00f9 nos h\u00f4tes peuvent se r\u00e9fugier dans un coin tranquille et d\u00e9couvrir les secrets de Venise Ouverts il y a quelques mois, nos appartements Ca &lsquo;dell&rsquo;Arte Luxury sont tous \u00e9quip\u00e9s de chauffage et [&hellip;]<\/p>\n","protected":false},"author":13,"featured_media":0,"parent":0,"menu_order":10,"comment_status":"closed","ping_status":"closed","template":"","meta":{"footnotes":""},"class_list":["post-189","page","type-page","status-publish","hentry"],"yoast_head":"<!-- This site is optimized with the Yoast SEO plugin v26.9 - https:\/\/yoast.com\/product\/yoast-seo-wordpress\/ -->\n<title>Accueil ~ Ca&#039; Dell\u2019Arte Luxury<\/title>\n<meta name=\"robots\" content=\"index, follow, max-snippet:-1, max-image-preview:large, max-video-preview:-1\" \/>\n<link rel=\"canonical\" href=\"https:\/\/www.cadellarteluxury.com\/fr\/\" \/>\n<meta property=\"og:locale\" content=\"fr_FR\" \/>\n<meta property=\"og:type\" content=\"article\" \/>\n<meta property=\"og:title\" content=\"Accueil ~ Ca&#039; Dell\u2019Arte Luxury\" \/>\n<meta property=\"og:description\" content=\"Situ\u00e9 dans le quartier de San Marco, dans un ancien b\u00e2timent surplombant Campo S. Angelo, Ca &lsquo;Dell&rsquo;Arte Luxury dispose de beaux appartements o\u00f9 nos h\u00f4tes peuvent se r\u00e9fugier dans un coin tranquille et d\u00e9couvrir les secrets de Venise Ouverts il y a quelques mois, nos appartements Ca &lsquo;dell&rsquo;Arte Luxury sont tous \u00e9quip\u00e9s de chauffage et [&hellip;]\" \/>\n<meta property=\"og:url\" content=\"https:\/\/www.cadellarteluxury.com\/fr\/\" \/>\n<meta property=\"og:site_name\" content=\"Ca&#039; Dell\u2019Arte Luxury\" \/>\n<meta property=\"article:modified_time\" content=\"2021-06-09T15:36:53+00:00\" \/>\n<meta name=\"twitter:card\" content=\"summary_large_image\" \/>\n<meta name=\"twitter:label1\" content=\"Dur\u00e9e de lecture estim\u00e9e\" \/>\n\t<meta name=\"twitter:data1\" content=\"1 minute\" \/>\n<script type=\"application\/ld+json\" class=\"yoast-schema-graph\">{\"@context\":\"https:\/\/schema.org\",\"@graph\":[{\"@type\":\"WebPage\",\"@id\":\"https:\/\/www.cadellarteluxury.com\/fr\/\",\"url\":\"https:\/\/www.cadellarteluxury.com\/fr\/\",\"name\":\"Accueil ~ Ca' Dell\u2019Arte Luxury\",\"isPartOf\":{\"@id\":\"https:\/\/www.cadellarteluxury.com\/fr\/#website\"},\"datePublished\":\"2021-06-09T15:35:32+00:00\",\"dateModified\":\"2021-06-09T15:36:53+00:00\",\"breadcrumb\":{\"@id\":\"https:\/\/www.cadellarteluxury.com\/fr\/#breadcrumb\"},\"inLanguage\":\"fr-FR\",\"potentialAction\":[{\"@type\":\"ReadAction\",\"target\":[\"https:\/\/www.cadellarteluxury.com\/fr\/\"]}]},{\"@type\":\"BreadcrumbList\",\"@id\":\"https:\/\/www.cadellarteluxury.com\/fr\/#breadcrumb\",\"itemListElement\":[{\"@type\":\"ListItem\",\"position\":1,\"name\":\"Home\",\"item\":\"https:\/\/www.cadellarteluxury.com\/fr\/\"},{\"@type\":\"ListItem\",\"position\":2,\"name\":\"Accueil\"}]},{\"@type\":\"WebSite\",\"@id\":\"https:\/\/www.cadellarteluxury.com\/fr\/#website\",\"url\":\"https:\/\/www.cadellarteluxury.com\/fr\/\",\"name\":\"Ca' Dell\u2019Arte Luxury\",\"description\":\"Ecco un altro sito ms.decms.eu\",\"potentialAction\":[{\"@type\":\"SearchAction\",\"target\":{\"@type\":\"EntryPoint\",\"urlTemplate\":\"https:\/\/www.cadellarteluxury.com\/fr\/?s={search_term_string}\"},\"query-input\":{\"@type\":\"PropertyValueSpecification\",\"valueRequired\":true,\"valueName\":\"search_term_string\"}}],\"inLanguage\":\"fr-FR\"}]}<\/script>\n<!-- \/ Yoast SEO plugin. -->","yoast_head_json":{"title":"Accueil ~ Ca' Dell\u2019Arte Luxury","robots":{"index":"index","follow":"follow","max-snippet":"max-snippet:-1","max-image-preview":"max-image-preview:large","max-video-preview":"max-video-preview:-1"},"canonical":"https:\/\/www.cadellarteluxury.com\/fr\/","og_locale":"fr_FR","og_type":"article","og_title":"Accueil ~ Ca' Dell\u2019Arte Luxury","og_description":"Situ\u00e9 dans le quartier de San Marco, dans un ancien b\u00e2timent surplombant Campo S. Angelo, Ca &lsquo;Dell&rsquo;Arte Luxury dispose de beaux appartements o\u00f9 nos h\u00f4tes peuvent se r\u00e9fugier dans un coin tranquille et d\u00e9couvrir les secrets de Venise Ouverts il y a quelques mois, nos appartements Ca &lsquo;dell&rsquo;Arte Luxury sont tous \u00e9quip\u00e9s de chauffage et [&hellip;]","og_url":"https:\/\/www.cadellarteluxury.com\/fr\/","og_site_name":"Ca' Dell\u2019Arte Luxury","article_modified_time":"2021-06-09T15:36:53+00:00","twitter_card":"summary_large_image","twitter_misc":{"Dur\u00e9e de lecture estim\u00e9e":"1 minute"},"schema":{"@context":"https:\/\/schema.org","@graph":[{"@type":"WebPage","@id":"https:\/\/www.cadellarteluxury.com\/fr\/","url":"https:\/\/www.cadellarteluxury.com\/fr\/","name":"Accueil ~ Ca' Dell\u2019Arte Luxury","isPartOf":{"@id":"https:\/\/www.cadellarteluxury.com\/fr\/#website"},"datePublished":"2021-06-09T15:35:32+00:00","dateModified":"2021-06-09T15:36:53+00:00","breadcrumb":{"@id":"https:\/\/www.cadellarteluxury.com\/fr\/#breadcrumb"},"inLanguage":"fr-FR","potentialAction":[{"@type":"ReadAction","target":["https:\/\/www.cadellarteluxury.com\/fr\/"]}]},{"@type":"BreadcrumbList","@id":"https:\/\/www.cadellarteluxury.com\/fr\/#breadcrumb","itemListElement":[{"@type":"ListItem","position":1,"name":"Home","item":"https:\/\/www.cadellarteluxury.com\/fr\/"},{"@type":"ListItem","position":2,"name":"Accueil"}]},{"@type":"WebSite","@id":"https:\/\/www.cadellarteluxury.com\/fr\/#website","url":"https:\/\/www.cadellarteluxury.com\/fr\/","name":"Ca' Dell\u2019Arte Luxury","description":"Ecco un altro sito ms.decms.eu","potentialAction":[{"@type":"SearchAction","target":{"@type":"EntryPoint","urlTemplate":"https:\/\/www.cadellarteluxury.com\/fr\/?s={search_term_string}"},"query-input":{"@type":"PropertyValueSpecification","valueRequired":true,"valueName":"search_term_string"}}],"inLanguage":"fr-FR"}]}},"acf":[],"_links":{"self":[{"href":"https:\/\/www.cadellarteluxury.com\/fr\/wp-json\/wp\/v2\/pages\/189","targetHints":{"allow":["GET"]}}],"collection":[{"href":"https:\/\/www.cadellarteluxury.com\/fr\/wp-json\/wp\/v2\/pages"}],"about":[{"href":"https:\/\/www.cadellarteluxury.com\/fr\/wp-json\/wp\/v2\/types\/page"}],"author":[{"embeddable":true,"href":"https:\/\/www.cadellarteluxury.com\/fr\/wp-json\/wp\/v2\/users\/13"}],"replies":[{"embeddable":true,"href":"https:\/\/www.cadellarteluxury.com\/fr\/wp-json\/wp\/v2\/comments?post=189"}],"version-history":[{"count":0,"href":"https:\/\/www.cadellarteluxury.com\/fr\/wp-json\/wp\/v2\/pages\/189\/revisions"}],"wp:attachment":[{"href":"https:\/\/www.cadellarteluxury.com\/fr\/wp-json\/wp\/v2\/media?parent=189"}],"curies":[{"name":"wp","href":"https:\/\/api.w.org\/{rel}","templated":true}]}}