{"id":446,"date":"2025-10-22T11:35:32","date_gmt":"2025-10-22T09:35:32","guid":{"rendered":"https:\/\/www.cadellarteluxury.com\/?page_id=446"},"modified":"2025-10-22T11:37:27","modified_gmt":"2025-10-22T09:37:27","slug":"koenigliche-apartment","status":"publish","type":"page","link":"https:\/\/www.cadellarteluxury.com\/de\/unsere-wohnungen\/koenigliche-apartment\/","title":{"rendered":"K\u00f6nigliche Apartment"},"content":{"rendered":"<p>Zimmerfl\u00e4che: 200 m\u00b2<\/p>\n<p><strong>Zimmer 1<\/strong>: 1 Doppelbett + eigenes Bad<br \/>\n<strong>Zimmer 2<\/strong>: 1 Doppelbett + eigenes Bad<\/p>\n<p><strong>Zimmer 3<\/strong>: 1 Doppelbett + eigenes Bad<\/p>\n<p><strong>Zimmer 4<\/strong>: 1 Doppelbett + eigenes Bad<\/p>\n<p><strong>Zimmer 5<\/strong>: 2 Schlafsofas<\/p>\n<p>&nbsp;<\/p>\n<p>Sehr gro\u00dfe und einzigartige Wohnung mit 4 Doppelzimmern, jedes mit eigenem Bad + 1 Mansardenzimmer mit 2 Schlafsofas.<\/p>\n<p>Verf\u00fcgt \u00fcber 2 Wohnzimmer, 2 K\u00fcchen und 2 Esszimmer sowie kostenloses WLAN.<\/p>\n<p>Ausstattung der Zimmer: Klimaanlage, B\u00fcgeleisen und B\u00fcgelbrett, Wohnbereich, Waschmaschine, Heizung, separater Eingang, Sofa, Parkett- oder Holzboden, Kleiderschrank\/Garderobe, Dusche , Haartrockner, kostenlose Pflegeprodukte, WC, eigenes Bad, Dusche, Telefon, Satellitenkan\u00e4le, Flachbildfernseher, Kochnische, K\u00fchlschrank, Mikrowelle, K\u00fcche, Essbereich, K\u00fcchenutensilien, Handt\u00fccher, Bettw\u00e4sche.<\/p>\n<p>&nbsp;<\/p>\n","protected":false},"excerpt":{"rendered":"<p>Zimmerfl\u00e4che: 200 m\u00b2 Zimmer 1: 1 Doppelbett + eigenes Bad Zimmer 2: 1 Doppelbett + eigenes Bad Zimmer 3: 1 Doppelbett + eigenes Bad Zimmer 4: 1 Doppelbett + eigenes Bad Zimmer 5: 2 Schlafsofas &nbsp; Sehr gro\u00dfe und einzigartige Wohnung mit 4 Doppelzimmern, jedes mit eigenem Bad + 1 Mansardenzimmer mit 2 Schlafsofas. Verf\u00fcgt [&hellip;]<\/p>\n","protected":false},"author":331,"featured_media":182,"parent":197,"menu_order":21,"comment_status":"closed","ping_status":"closed","template":"template-single-room.php","meta":{"footnotes":""},"class_list":["post-446","page","type-page","status-publish","has-post-thumbnail","hentry"],"yoast_head":"<!-- This site is optimized with the Yoast SEO plugin v26.9 - https:\/\/yoast.com\/product\/yoast-seo-wordpress\/ -->\n<title>K\u00f6nigliche Apartment ~ Ca&#039; Dell\u2019Arte Luxury<\/title>\n<meta name=\"robots\" content=\"index, follow, max-snippet:-1, max-image-preview:large, max-video-preview:-1\" \/>\n<link rel=\"canonical\" href=\"https:\/\/www.cadellarteluxury.com\/de\/unsere-wohnungen\/koenigliche-apartment\/\" \/>\n<meta property=\"og:locale\" content=\"de_DE\" \/>\n<meta property=\"og:type\" content=\"article\" \/>\n<meta property=\"og:title\" content=\"K\u00f6nigliche Apartment ~ Ca&#039; Dell\u2019Arte Luxury\" \/>\n<meta property=\"og:description\" content=\"Zimmerfl\u00e4che: 200 m\u00b2 Zimmer 1: 1 Doppelbett + eigenes Bad Zimmer 2: 1 Doppelbett + eigenes Bad Zimmer 3: 1 Doppelbett + eigenes Bad Zimmer 4: 1 Doppelbett + eigenes Bad Zimmer 5: 2 Schlafsofas &nbsp; Sehr gro\u00dfe und einzigartige Wohnung mit 4 Doppelzimmern, jedes mit eigenem Bad + 1 Mansardenzimmer mit 2 Schlafsofas. Verf\u00fcgt [&hellip;]\" \/>\n<meta property=\"og:url\" content=\"https:\/\/www.cadellarteluxury.com\/de\/unsere-wohnungen\/koenigliche-apartment\/\" \/>\n<meta property=\"og:site_name\" content=\"Ca&#039; Dell\u2019Arte Luxury\" \/>\n<meta property=\"article:modified_time\" content=\"2025-10-22T09:37:27+00:00\" \/>\n<meta property=\"og:image\" content=\"https:\/\/www.cadellarteluxury.com\/wp-content\/uploads\/sites\/290\/2021\/06\/ca_dell_arte_luxury_appartamenti_corner_gallery_23.jpg\" \/>\n\t<meta property=\"og:image:width\" content=\"1200\" \/>\n\t<meta property=\"og:image:height\" content=\"800\" \/>\n\t<meta property=\"og:image:type\" content=\"image\/jpeg\" \/>\n<meta name=\"twitter:card\" content=\"summary_large_image\" \/>\n<meta name=\"twitter:label1\" content=\"Gesch\u00e4tzte Lesezeit\" \/>\n\t<meta name=\"twitter:data1\" content=\"1 Minute\" \/>\n<script type=\"application\/ld+json\" class=\"yoast-schema-graph\">{\"@context\":\"https:\/\/schema.org\",\"@graph\":[{\"@type\":\"WebPage\",\"@id\":\"https:\/\/www.cadellarteluxury.com\/de\/unsere-wohnungen\/koenigliche-apartment\/\",\"url\":\"https:\/\/www.cadellarteluxury.com\/de\/unsere-wohnungen\/koenigliche-apartment\/\",\"name\":\"K\u00f6nigliche Apartment ~ Ca' Dell\u2019Arte Luxury\",\"isPartOf\":{\"@id\":\"https:\/\/www.cadellarteluxury.com\/de\/#website\"},\"primaryImageOfPage\":{\"@id\":\"https:\/\/www.cadellarteluxury.com\/de\/unsere-wohnungen\/koenigliche-apartment\/#primaryimage\"},\"image\":{\"@id\":\"https:\/\/www.cadellarteluxury.com\/de\/unsere-wohnungen\/koenigliche-apartment\/#primaryimage\"},\"thumbnailUrl\":\"https:\/\/www.cadellarteluxury.com\/wp-content\/uploads\/sites\/290\/2021\/06\/ca_dell_arte_luxury_appartamenti_corner_gallery_23.jpg\",\"datePublished\":\"2025-10-22T09:35:32+00:00\",\"dateModified\":\"2025-10-22T09:37:27+00:00\",\"breadcrumb\":{\"@id\":\"https:\/\/www.cadellarteluxury.com\/de\/unsere-wohnungen\/koenigliche-apartment\/#breadcrumb\"},\"inLanguage\":\"de-DE\",\"potentialAction\":[{\"@type\":\"ReadAction\",\"target\":[\"https:\/\/www.cadellarteluxury.com\/de\/unsere-wohnungen\/koenigliche-apartment\/\"]}]},{\"@type\":\"ImageObject\",\"inLanguage\":\"de-DE\",\"@id\":\"https:\/\/www.cadellarteluxury.com\/de\/unsere-wohnungen\/koenigliche-apartment\/#primaryimage\",\"url\":\"https:\/\/www.cadellarteluxury.com\/wp-content\/uploads\/sites\/290\/2021\/06\/ca_dell_arte_luxury_appartamenti_corner_gallery_23.jpg\",\"contentUrl\":\"https:\/\/www.cadellarteluxury.com\/wp-content\/uploads\/sites\/290\/2021\/06\/ca_dell_arte_luxury_appartamenti_corner_gallery_23.jpg\",\"width\":1200,\"height\":800},{\"@type\":\"BreadcrumbList\",\"@id\":\"https:\/\/www.cadellarteluxury.com\/de\/unsere-wohnungen\/koenigliche-apartment\/#breadcrumb\",\"itemListElement\":[{\"@type\":\"ListItem\",\"position\":1,\"name\":\"Home\",\"item\":\"https:\/\/www.cadellarteluxury.com\/de\/\"},{\"@type\":\"ListItem\",\"position\":2,\"name\":\"Unsere Wohnungen\",\"item\":\"https:\/\/www.cadellarteluxury.com\/de\/unsere-wohnungen\/\"},{\"@type\":\"ListItem\",\"position\":3,\"name\":\"K\u00f6nigliche Apartment\"}]},{\"@type\":\"WebSite\",\"@id\":\"https:\/\/www.cadellarteluxury.com\/de\/#website\",\"url\":\"https:\/\/www.cadellarteluxury.com\/de\/\",\"name\":\"Ca' Dell\u2019Arte Luxury\",\"description\":\"Ecco un altro sito ms.decms.eu\",\"potentialAction\":[{\"@type\":\"SearchAction\",\"target\":{\"@type\":\"EntryPoint\",\"urlTemplate\":\"https:\/\/www.cadellarteluxury.com\/de\/?s={search_term_string}\"},\"query-input\":{\"@type\":\"PropertyValueSpecification\",\"valueRequired\":true,\"valueName\":\"search_term_string\"}}],\"inLanguage\":\"de-DE\"}]}<\/script>\n<!-- \/ Yoast SEO plugin. -->","yoast_head_json":{"title":"K\u00f6nigliche Apartment ~ Ca' Dell\u2019Arte Luxury","robots":{"index":"index","follow":"follow","max-snippet":"max-snippet:-1","max-image-preview":"max-image-preview:large","max-video-preview":"max-video-preview:-1"},"canonical":"https:\/\/www.cadellarteluxury.com\/de\/unsere-wohnungen\/koenigliche-apartment\/","og_locale":"de_DE","og_type":"article","og_title":"K\u00f6nigliche Apartment ~ Ca' Dell\u2019Arte Luxury","og_description":"Zimmerfl\u00e4che: 200 m\u00b2 Zimmer 1: 1 Doppelbett + eigenes Bad Zimmer 2: 1 Doppelbett + eigenes Bad Zimmer 3: 1 Doppelbett + eigenes Bad Zimmer 4: 1 Doppelbett + eigenes Bad Zimmer 5: 2 Schlafsofas &nbsp; Sehr gro\u00dfe und einzigartige Wohnung mit 4 Doppelzimmern, jedes mit eigenem Bad + 1 Mansardenzimmer mit 2 Schlafsofas. Verf\u00fcgt [&hellip;]","og_url":"https:\/\/www.cadellarteluxury.com\/de\/unsere-wohnungen\/koenigliche-apartment\/","og_site_name":"Ca' Dell\u2019Arte Luxury","article_modified_time":"2025-10-22T09:37:27+00:00","og_image":[{"width":1200,"height":800,"url":"https:\/\/www.cadellarteluxury.com\/wp-content\/uploads\/sites\/290\/2021\/06\/ca_dell_arte_luxury_appartamenti_corner_gallery_23.jpg","type":"image\/jpeg"}],"twitter_card":"summary_large_image","twitter_misc":{"Gesch\u00e4tzte Lesezeit":"1 Minute"},"schema":{"@context":"https:\/\/schema.org","@graph":[{"@type":"WebPage","@id":"https:\/\/www.cadellarteluxury.com\/de\/unsere-wohnungen\/koenigliche-apartment\/","url":"https:\/\/www.cadellarteluxury.com\/de\/unsere-wohnungen\/koenigliche-apartment\/","name":"K\u00f6nigliche Apartment ~ Ca' Dell\u2019Arte Luxury","isPartOf":{"@id":"https:\/\/www.cadellarteluxury.com\/de\/#website"},"primaryImageOfPage":{"@id":"https:\/\/www.cadellarteluxury.com\/de\/unsere-wohnungen\/koenigliche-apartment\/#primaryimage"},"image":{"@id":"https:\/\/www.cadellarteluxury.com\/de\/unsere-wohnungen\/koenigliche-apartment\/#primaryimage"},"thumbnailUrl":"https:\/\/www.cadellarteluxury.com\/wp-content\/uploads\/sites\/290\/2021\/06\/ca_dell_arte_luxury_appartamenti_corner_gallery_23.jpg","datePublished":"2025-10-22T09:35:32+00:00","dateModified":"2025-10-22T09:37:27+00:00","breadcrumb":{"@id":"https:\/\/www.cadellarteluxury.com\/de\/unsere-wohnungen\/koenigliche-apartment\/#breadcrumb"},"inLanguage":"de-DE","potentialAction":[{"@type":"ReadAction","target":["https:\/\/www.cadellarteluxury.com\/de\/unsere-wohnungen\/koenigliche-apartment\/"]}]},{"@type":"ImageObject","inLanguage":"de-DE","@id":"https:\/\/www.cadellarteluxury.com\/de\/unsere-wohnungen\/koenigliche-apartment\/#primaryimage","url":"https:\/\/www.cadellarteluxury.com\/wp-content\/uploads\/sites\/290\/2021\/06\/ca_dell_arte_luxury_appartamenti_corner_gallery_23.jpg","contentUrl":"https:\/\/www.cadellarteluxury.com\/wp-content\/uploads\/sites\/290\/2021\/06\/ca_dell_arte_luxury_appartamenti_corner_gallery_23.jpg","width":1200,"height":800},{"@type":"BreadcrumbList","@id":"https:\/\/www.cadellarteluxury.com\/de\/unsere-wohnungen\/koenigliche-apartment\/#breadcrumb","itemListElement":[{"@type":"ListItem","position":1,"name":"Home","item":"https:\/\/www.cadellarteluxury.com\/de\/"},{"@type":"ListItem","position":2,"name":"Unsere Wohnungen","item":"https:\/\/www.cadellarteluxury.com\/de\/unsere-wohnungen\/"},{"@type":"ListItem","position":3,"name":"K\u00f6nigliche Apartment"}]},{"@type":"WebSite","@id":"https:\/\/www.cadellarteluxury.com\/de\/#website","url":"https:\/\/www.cadellarteluxury.com\/de\/","name":"Ca' Dell\u2019Arte Luxury","description":"Ecco un altro sito ms.decms.eu","potentialAction":[{"@type":"SearchAction","target":{"@type":"EntryPoint","urlTemplate":"https:\/\/www.cadellarteluxury.com\/de\/?s={search_term_string}"},"query-input":{"@type":"PropertyValueSpecification","valueRequired":true,"valueName":"search_term_string"}}],"inLanguage":"de-DE"}]}},"acf":[],"_links":{"self":[{"href":"https:\/\/www.cadellarteluxury.com\/de\/wp-json\/wp\/v2\/pages\/446","targetHints":{"allow":["GET"]}}],"collection":[{"href":"https:\/\/www.cadellarteluxury.com\/de\/wp-json\/wp\/v2\/pages"}],"about":[{"href":"https:\/\/www.cadellarteluxury.com\/de\/wp-json\/wp\/v2\/types\/page"}],"author":[{"embeddable":true,"href":"https:\/\/www.cadellarteluxury.com\/de\/wp-json\/wp\/v2\/users\/331"}],"replies":[{"embeddable":true,"href":"https:\/\/www.cadellarteluxury.com\/de\/wp-json\/wp\/v2\/comments?post=446"}],"version-history":[{"count":0,"href":"https:\/\/www.cadellarteluxury.com\/de\/wp-json\/wp\/v2\/pages\/446\/revisions"}],"up":[{"embeddable":true,"href":"https:\/\/www.cadellarteluxury.com\/de\/wp-json\/wp\/v2\/pages\/197"}],"wp:featuredmedia":[{"embeddable":true,"href":"https:\/\/www.cadellarteluxury.com\/de\/wp-json\/wp\/v2\/media\/182"}],"wp:attachment":[{"href":"https:\/\/www.cadellarteluxury.com\/de\/wp-json\/wp\/v2\/media?parent=446"}],"curies":[{"name":"wp","href":"https:\/\/api.w.org\/{rel}","templated":true}]}}