{"id":283,"date":"2021-07-05T15:55:24","date_gmt":"2021-07-05T13:55:24","guid":{"rendered":"https:\/\/cadellarteluxury.ms.decms.eu\/?page_id=283"},"modified":"2021-07-05T15:55:48","modified_gmt":"2021-07-05T13:55:48","slug":"mit-dem-shiff","status":"publish","type":"page","link":"https:\/\/www.cadellarteluxury.com\/de\/wo-wir-sind\/mit-dem-shiff\/","title":{"rendered":"Mit dem Shiff"},"content":{"rendered":"<p>Um uns vom Kreuzfahrtterminal zu erreichen (normalerweise f\u00fcr MSC, Costa, Carnival, P&amp;O, Princess, Cunard, Aida, etc.) k\u00f6nnen Sie ein \u00f6ffentliches Wassertaxi (gelbes Band) von der nahe gelegenen schwimmenden Landung nehmen, die Sie in ca. 15\/20 Minuten direkt zur Haltestelle Sant&#8217;Angelo bringt;oder zu Fu\u00df zur nahe gelegenen Haltestelle &#8222;People Mover&#8220;, nehmen Sie es und erreichen Piazzale Roma und von dort nehmen Sie die \u00f6ffentliche Vaporetto-Linie 1 (das ganze Jahr \u00fcber), die in 30 Minuten an der Haltestelle Sant&#8217;Angelo ankommt.<\/p>\n<p>Um uns vom Terminal San Basilio (normalerweise f\u00fcr Venezialines, Windstar, Yachts Charter, Club Med) vom nahe gelegenen schwimmenden Pier des ACTV zu erreichen, k\u00f6nnen Sie ein komfortables privates Wassertaxi (gelbes Band) nehmen, das Sie direkt nach Sant&#8217;Angelo bringt.<\/p>\n","protected":false},"excerpt":{"rendered":"<p>Um uns vom Kreuzfahrtterminal zu erreichen (normalerweise f\u00fcr MSC, Costa, Carnival, P&amp;O, Princess, Cunard, Aida, etc.) k\u00f6nnen Sie ein \u00f6ffentliches Wassertaxi (gelbes Band) von der nahe gelegenen schwimmenden Landung nehmen, die Sie in ca. 15\/20 Minuten direkt zur Haltestelle Sant&#8217;Angelo bringt;oder zu Fu\u00df zur nahe gelegenen Haltestelle &#8222;People Mover&#8220;, nehmen Sie es und erreichen Piazzale [&hellip;]<\/p>\n","protected":false},"author":13,"featured_media":0,"parent":192,"menu_order":50,"comment_status":"closed","ping_status":"closed","template":"","meta":{"footnotes":""},"class_list":["post-283","page","type-page","status-publish","hentry"],"yoast_head":"<!-- This site is optimized with the Yoast SEO plugin v26.9 - https:\/\/yoast.com\/product\/yoast-seo-wordpress\/ -->\n<title>Mit dem Shiff ~ Ca&#039; Dell\u2019Arte Luxury<\/title>\n<meta name=\"robots\" content=\"index, follow, max-snippet:-1, max-image-preview:large, max-video-preview:-1\" \/>\n<link rel=\"canonical\" href=\"https:\/\/www.cadellarteluxury.com\/de\/wo-wir-sind\/mit-dem-shiff\/\" \/>\n<meta property=\"og:locale\" content=\"de_DE\" \/>\n<meta property=\"og:type\" content=\"article\" \/>\n<meta property=\"og:title\" content=\"Mit dem Shiff ~ Ca&#039; Dell\u2019Arte Luxury\" \/>\n<meta property=\"og:description\" content=\"Um uns vom Kreuzfahrtterminal zu erreichen (normalerweise f\u00fcr MSC, Costa, Carnival, P&amp;O, Princess, Cunard, Aida, etc.) k\u00f6nnen Sie ein \u00f6ffentliches Wassertaxi (gelbes Band) von der nahe gelegenen schwimmenden Landung nehmen, die Sie in ca. 15\/20 Minuten direkt zur Haltestelle Sant&#8217;Angelo bringt;oder zu Fu\u00df zur nahe gelegenen Haltestelle &#8222;People Mover&#8220;, nehmen Sie es und erreichen Piazzale [&hellip;]\" \/>\n<meta property=\"og:url\" content=\"https:\/\/www.cadellarteluxury.com\/de\/wo-wir-sind\/mit-dem-shiff\/\" \/>\n<meta property=\"og:site_name\" content=\"Ca&#039; Dell\u2019Arte Luxury\" \/>\n<meta property=\"article:modified_time\" content=\"2021-07-05T13:55:48+00:00\" \/>\n<meta name=\"twitter:card\" content=\"summary_large_image\" \/>\n<meta name=\"twitter:label1\" content=\"Gesch\u00e4tzte Lesezeit\" \/>\n\t<meta name=\"twitter:data1\" content=\"1 Minute\" \/>\n<script type=\"application\/ld+json\" class=\"yoast-schema-graph\">{\"@context\":\"https:\/\/schema.org\",\"@graph\":[{\"@type\":\"WebPage\",\"@id\":\"https:\/\/www.cadellarteluxury.com\/de\/wo-wir-sind\/mit-dem-shiff\/\",\"url\":\"https:\/\/www.cadellarteluxury.com\/de\/wo-wir-sind\/mit-dem-shiff\/\",\"name\":\"Mit dem Shiff ~ Ca' Dell\u2019Arte Luxury\",\"isPartOf\":{\"@id\":\"https:\/\/www.cadellarteluxury.com\/de\/#website\"},\"datePublished\":\"2021-07-05T13:55:24+00:00\",\"dateModified\":\"2021-07-05T13:55:48+00:00\",\"breadcrumb\":{\"@id\":\"https:\/\/www.cadellarteluxury.com\/de\/wo-wir-sind\/mit-dem-shiff\/#breadcrumb\"},\"inLanguage\":\"de-DE\",\"potentialAction\":[{\"@type\":\"ReadAction\",\"target\":[\"https:\/\/www.cadellarteluxury.com\/de\/wo-wir-sind\/mit-dem-shiff\/\"]}]},{\"@type\":\"BreadcrumbList\",\"@id\":\"https:\/\/www.cadellarteluxury.com\/de\/wo-wir-sind\/mit-dem-shiff\/#breadcrumb\",\"itemListElement\":[{\"@type\":\"ListItem\",\"position\":1,\"name\":\"Home\",\"item\":\"https:\/\/www.cadellarteluxury.com\/de\/\"},{\"@type\":\"ListItem\",\"position\":2,\"name\":\"Wo wir sind\",\"item\":\"https:\/\/www.cadellarteluxury.com\/de\/wo-wir-sind\/\"},{\"@type\":\"ListItem\",\"position\":3,\"name\":\"Mit dem Shiff\"}]},{\"@type\":\"WebSite\",\"@id\":\"https:\/\/www.cadellarteluxury.com\/de\/#website\",\"url\":\"https:\/\/www.cadellarteluxury.com\/de\/\",\"name\":\"Ca' Dell\u2019Arte Luxury\",\"description\":\"Ecco un altro sito ms.decms.eu\",\"potentialAction\":[{\"@type\":\"SearchAction\",\"target\":{\"@type\":\"EntryPoint\",\"urlTemplate\":\"https:\/\/www.cadellarteluxury.com\/de\/?s={search_term_string}\"},\"query-input\":{\"@type\":\"PropertyValueSpecification\",\"valueRequired\":true,\"valueName\":\"search_term_string\"}}],\"inLanguage\":\"de-DE\"}]}<\/script>\n<!-- \/ Yoast SEO plugin. -->","yoast_head_json":{"title":"Mit dem Shiff ~ Ca' Dell\u2019Arte Luxury","robots":{"index":"index","follow":"follow","max-snippet":"max-snippet:-1","max-image-preview":"max-image-preview:large","max-video-preview":"max-video-preview:-1"},"canonical":"https:\/\/www.cadellarteluxury.com\/de\/wo-wir-sind\/mit-dem-shiff\/","og_locale":"de_DE","og_type":"article","og_title":"Mit dem Shiff ~ Ca' Dell\u2019Arte Luxury","og_description":"Um uns vom Kreuzfahrtterminal zu erreichen (normalerweise f\u00fcr MSC, Costa, Carnival, P&amp;O, Princess, Cunard, Aida, etc.) k\u00f6nnen Sie ein \u00f6ffentliches Wassertaxi (gelbes Band) von der nahe gelegenen schwimmenden Landung nehmen, die Sie in ca. 15\/20 Minuten direkt zur Haltestelle Sant&#8217;Angelo bringt;oder zu Fu\u00df zur nahe gelegenen Haltestelle &#8222;People Mover&#8220;, nehmen Sie es und erreichen Piazzale [&hellip;]","og_url":"https:\/\/www.cadellarteluxury.com\/de\/wo-wir-sind\/mit-dem-shiff\/","og_site_name":"Ca' Dell\u2019Arte Luxury","article_modified_time":"2021-07-05T13:55:48+00:00","twitter_card":"summary_large_image","twitter_misc":{"Gesch\u00e4tzte Lesezeit":"1 Minute"},"schema":{"@context":"https:\/\/schema.org","@graph":[{"@type":"WebPage","@id":"https:\/\/www.cadellarteluxury.com\/de\/wo-wir-sind\/mit-dem-shiff\/","url":"https:\/\/www.cadellarteluxury.com\/de\/wo-wir-sind\/mit-dem-shiff\/","name":"Mit dem Shiff ~ Ca' Dell\u2019Arte Luxury","isPartOf":{"@id":"https:\/\/www.cadellarteluxury.com\/de\/#website"},"datePublished":"2021-07-05T13:55:24+00:00","dateModified":"2021-07-05T13:55:48+00:00","breadcrumb":{"@id":"https:\/\/www.cadellarteluxury.com\/de\/wo-wir-sind\/mit-dem-shiff\/#breadcrumb"},"inLanguage":"de-DE","potentialAction":[{"@type":"ReadAction","target":["https:\/\/www.cadellarteluxury.com\/de\/wo-wir-sind\/mit-dem-shiff\/"]}]},{"@type":"BreadcrumbList","@id":"https:\/\/www.cadellarteluxury.com\/de\/wo-wir-sind\/mit-dem-shiff\/#breadcrumb","itemListElement":[{"@type":"ListItem","position":1,"name":"Home","item":"https:\/\/www.cadellarteluxury.com\/de\/"},{"@type":"ListItem","position":2,"name":"Wo wir sind","item":"https:\/\/www.cadellarteluxury.com\/de\/wo-wir-sind\/"},{"@type":"ListItem","position":3,"name":"Mit dem Shiff"}]},{"@type":"WebSite","@id":"https:\/\/www.cadellarteluxury.com\/de\/#website","url":"https:\/\/www.cadellarteluxury.com\/de\/","name":"Ca' Dell\u2019Arte Luxury","description":"Ecco un altro sito ms.decms.eu","potentialAction":[{"@type":"SearchAction","target":{"@type":"EntryPoint","urlTemplate":"https:\/\/www.cadellarteluxury.com\/de\/?s={search_term_string}"},"query-input":{"@type":"PropertyValueSpecification","valueRequired":true,"valueName":"search_term_string"}}],"inLanguage":"de-DE"}]}},"acf":[],"_links":{"self":[{"href":"https:\/\/www.cadellarteluxury.com\/de\/wp-json\/wp\/v2\/pages\/283","targetHints":{"allow":["GET"]}}],"collection":[{"href":"https:\/\/www.cadellarteluxury.com\/de\/wp-json\/wp\/v2\/pages"}],"about":[{"href":"https:\/\/www.cadellarteluxury.com\/de\/wp-json\/wp\/v2\/types\/page"}],"author":[{"embeddable":true,"href":"https:\/\/www.cadellarteluxury.com\/de\/wp-json\/wp\/v2\/users\/13"}],"replies":[{"embeddable":true,"href":"https:\/\/www.cadellarteluxury.com\/de\/wp-json\/wp\/v2\/comments?post=283"}],"version-history":[{"count":0,"href":"https:\/\/www.cadellarteluxury.com\/de\/wp-json\/wp\/v2\/pages\/283\/revisions"}],"up":[{"embeddable":true,"href":"https:\/\/www.cadellarteluxury.com\/de\/wp-json\/wp\/v2\/pages\/192"}],"wp:attachment":[{"href":"https:\/\/www.cadellarteluxury.com\/de\/wp-json\/wp\/v2\/media?parent=283"}],"curies":[{"name":"wp","href":"https:\/\/api.w.org\/{rel}","templated":true}]}}