{"id":227,"date":"2021-06-09T17:56:17","date_gmt":"2021-06-09T15:56:17","guid":{"rendered":"https:\/\/cadellarteluxury.ms.decms.eu\/?page_id=227"},"modified":"2022-12-28T11:02:06","modified_gmt":"2022-12-28T10:02:06","slug":"kontakte","status":"publish","type":"page","link":"https:\/\/www.cadellarteluxury.com\/de\/kontakte\/","title":{"rendered":"Kontakte"},"content":{"rendered":"<p style=\"text-align: center\"><em>Appartamento Corner<\/em><br \/>\nCalle del Caffettier, 3590<br \/>\n30124 Venezia &#8211; Italia<\/p>\n<p style=\"text-align: center\"><em>Appartamento Gritti<\/em><br \/>\nCalle della Madonna- Ramo Bao , 3596<br \/>\n30124 Venezia &#8211; Italia<\/p>\n<p style=\"text-align: center\">tel: <a href=\"tel:+390410988073\">+39 041 098 8073<\/a><br \/>\nfax: +39 041 098 8074<\/p>\n<p style=\"text-align: center\">whatsapp: <a href=\"https:\/\/wa.me\/+393407090954\" target=\"_blank\" rel=\"noopener\">+39 340 709 0954<\/a><\/p>\n<p style=\"text-align: center\">email: <a href=\"mailto:info@cadellarte.com\">info@cadellarte.com<\/a><\/p>\n<p style=\"text-align: center\">Alle Informationen zur Ankunft in unseren Einrichtungen werden am Tag der Ankunft per E-Mail oder WhatsApp-Nachricht gesendet<\/p>\n<p style=\"text-align: center\">Unsere Mitarbeiter sind von 8:00 bis 18:00 Uhr f\u00fcr Sie da<\/p>\n<p style=\"text-align: center\">Member of C\u00e0 Dell&#8217;Arte Collection Venice<\/p>\n<p style=\"text-align: center\">C\u00e0 Dell&#8217;Arte &#8211; C\u00e0 Dell&#8217;Arte Suite &#8211; C\u00e0 Dell&#8217;Arte Luxury &#8211; C\u00e0 Dell&#8217;Arte Palace<\/p>\n","protected":false},"excerpt":{"rendered":"<p>Appartamento Corner Calle del Caffettier, 3590 30124 Venezia &#8211; Italia Appartamento Gritti Calle della Madonna- Ramo Bao , 3596 30124 Venezia &#8211; Italia tel: +39 041 098 8073 fax: +39 041 098 8074 whatsapp: +39 340 709 0954 email: info@cadellarte.com Alle Informationen zur Ankunft in unseren Einrichtungen werden am Tag der Ankunft per E-Mail oder [&hellip;]<\/p>\n","protected":false},"author":13,"featured_media":0,"parent":0,"menu_order":110,"comment_status":"closed","ping_status":"closed","template":"","meta":{"footnotes":""},"class_list":["post-227","page","type-page","status-publish","hentry"],"yoast_head":"<!-- This site is optimized with the Yoast SEO plugin v26.9 - https:\/\/yoast.com\/product\/yoast-seo-wordpress\/ -->\n<title>Kontakte ~ Ca&#039; Dell\u2019Arte Luxury<\/title>\n<meta name=\"robots\" content=\"index, follow, max-snippet:-1, max-image-preview:large, max-video-preview:-1\" \/>\n<link rel=\"canonical\" href=\"https:\/\/www.cadellarteluxury.com\/de\/kontakte\/\" \/>\n<meta property=\"og:locale\" content=\"de_DE\" \/>\n<meta property=\"og:type\" content=\"article\" \/>\n<meta property=\"og:title\" content=\"Kontakte ~ Ca&#039; Dell\u2019Arte Luxury\" \/>\n<meta property=\"og:description\" content=\"Appartamento Corner Calle del Caffettier, 3590 30124 Venezia &#8211; Italia Appartamento Gritti Calle della Madonna- Ramo Bao , 3596 30124 Venezia &#8211; Italia tel: +39 041 098 8073 fax: +39 041 098 8074 whatsapp: +39 340 709 0954 email: info@cadellarte.com Alle Informationen zur Ankunft in unseren Einrichtungen werden am Tag der Ankunft per E-Mail oder [&hellip;]\" \/>\n<meta property=\"og:url\" content=\"https:\/\/www.cadellarteluxury.com\/de\/kontakte\/\" \/>\n<meta property=\"og:site_name\" content=\"Ca&#039; Dell\u2019Arte Luxury\" \/>\n<meta property=\"article:modified_time\" content=\"2022-12-28T10:02:06+00:00\" \/>\n<meta name=\"twitter:card\" content=\"summary_large_image\" \/>\n<meta name=\"twitter:label1\" content=\"Gesch\u00e4tzte Lesezeit\" \/>\n\t<meta name=\"twitter:data1\" content=\"1 Minute\" \/>\n<script type=\"application\/ld+json\" class=\"yoast-schema-graph\">{\"@context\":\"https:\/\/schema.org\",\"@graph\":[{\"@type\":\"WebPage\",\"@id\":\"https:\/\/www.cadellarteluxury.com\/de\/kontakte\/\",\"url\":\"https:\/\/www.cadellarteluxury.com\/de\/kontakte\/\",\"name\":\"Kontakte ~ Ca' Dell\u2019Arte Luxury\",\"isPartOf\":{\"@id\":\"https:\/\/www.cadellarteluxury.com\/de\/#website\"},\"datePublished\":\"2021-06-09T15:56:17+00:00\",\"dateModified\":\"2022-12-28T10:02:06+00:00\",\"breadcrumb\":{\"@id\":\"https:\/\/www.cadellarteluxury.com\/de\/kontakte\/#breadcrumb\"},\"inLanguage\":\"de-DE\",\"potentialAction\":[{\"@type\":\"ReadAction\",\"target\":[\"https:\/\/www.cadellarteluxury.com\/de\/kontakte\/\"]}]},{\"@type\":\"BreadcrumbList\",\"@id\":\"https:\/\/www.cadellarteluxury.com\/de\/kontakte\/#breadcrumb\",\"itemListElement\":[{\"@type\":\"ListItem\",\"position\":1,\"name\":\"Home\",\"item\":\"https:\/\/www.cadellarteluxury.com\/de\/\"},{\"@type\":\"ListItem\",\"position\":2,\"name\":\"Kontakte\"}]},{\"@type\":\"WebSite\",\"@id\":\"https:\/\/www.cadellarteluxury.com\/de\/#website\",\"url\":\"https:\/\/www.cadellarteluxury.com\/de\/\",\"name\":\"Ca' Dell\u2019Arte Luxury\",\"description\":\"Ecco un altro sito ms.decms.eu\",\"potentialAction\":[{\"@type\":\"SearchAction\",\"target\":{\"@type\":\"EntryPoint\",\"urlTemplate\":\"https:\/\/www.cadellarteluxury.com\/de\/?s={search_term_string}\"},\"query-input\":{\"@type\":\"PropertyValueSpecification\",\"valueRequired\":true,\"valueName\":\"search_term_string\"}}],\"inLanguage\":\"de-DE\"}]}<\/script>\n<!-- \/ Yoast SEO plugin. -->","yoast_head_json":{"title":"Kontakte ~ Ca' Dell\u2019Arte Luxury","robots":{"index":"index","follow":"follow","max-snippet":"max-snippet:-1","max-image-preview":"max-image-preview:large","max-video-preview":"max-video-preview:-1"},"canonical":"https:\/\/www.cadellarteluxury.com\/de\/kontakte\/","og_locale":"de_DE","og_type":"article","og_title":"Kontakte ~ Ca' Dell\u2019Arte Luxury","og_description":"Appartamento Corner Calle del Caffettier, 3590 30124 Venezia &#8211; Italia Appartamento Gritti Calle della Madonna- Ramo Bao , 3596 30124 Venezia &#8211; Italia tel: +39 041 098 8073 fax: +39 041 098 8074 whatsapp: +39 340 709 0954 email: info@cadellarte.com Alle Informationen zur Ankunft in unseren Einrichtungen werden am Tag der Ankunft per E-Mail oder [&hellip;]","og_url":"https:\/\/www.cadellarteluxury.com\/de\/kontakte\/","og_site_name":"Ca' Dell\u2019Arte Luxury","article_modified_time":"2022-12-28T10:02:06+00:00","twitter_card":"summary_large_image","twitter_misc":{"Gesch\u00e4tzte Lesezeit":"1 Minute"},"schema":{"@context":"https:\/\/schema.org","@graph":[{"@type":"WebPage","@id":"https:\/\/www.cadellarteluxury.com\/de\/kontakte\/","url":"https:\/\/www.cadellarteluxury.com\/de\/kontakte\/","name":"Kontakte ~ Ca' Dell\u2019Arte Luxury","isPartOf":{"@id":"https:\/\/www.cadellarteluxury.com\/de\/#website"},"datePublished":"2021-06-09T15:56:17+00:00","dateModified":"2022-12-28T10:02:06+00:00","breadcrumb":{"@id":"https:\/\/www.cadellarteluxury.com\/de\/kontakte\/#breadcrumb"},"inLanguage":"de-DE","potentialAction":[{"@type":"ReadAction","target":["https:\/\/www.cadellarteluxury.com\/de\/kontakte\/"]}]},{"@type":"BreadcrumbList","@id":"https:\/\/www.cadellarteluxury.com\/de\/kontakte\/#breadcrumb","itemListElement":[{"@type":"ListItem","position":1,"name":"Home","item":"https:\/\/www.cadellarteluxury.com\/de\/"},{"@type":"ListItem","position":2,"name":"Kontakte"}]},{"@type":"WebSite","@id":"https:\/\/www.cadellarteluxury.com\/de\/#website","url":"https:\/\/www.cadellarteluxury.com\/de\/","name":"Ca' Dell\u2019Arte Luxury","description":"Ecco un altro sito ms.decms.eu","potentialAction":[{"@type":"SearchAction","target":{"@type":"EntryPoint","urlTemplate":"https:\/\/www.cadellarteluxury.com\/de\/?s={search_term_string}"},"query-input":{"@type":"PropertyValueSpecification","valueRequired":true,"valueName":"search_term_string"}}],"inLanguage":"de-DE"}]}},"acf":[],"_links":{"self":[{"href":"https:\/\/www.cadellarteluxury.com\/de\/wp-json\/wp\/v2\/pages\/227","targetHints":{"allow":["GET"]}}],"collection":[{"href":"https:\/\/www.cadellarteluxury.com\/de\/wp-json\/wp\/v2\/pages"}],"about":[{"href":"https:\/\/www.cadellarteluxury.com\/de\/wp-json\/wp\/v2\/types\/page"}],"author":[{"embeddable":true,"href":"https:\/\/www.cadellarteluxury.com\/de\/wp-json\/wp\/v2\/users\/13"}],"replies":[{"embeddable":true,"href":"https:\/\/www.cadellarteluxury.com\/de\/wp-json\/wp\/v2\/comments?post=227"}],"version-history":[{"count":0,"href":"https:\/\/www.cadellarteluxury.com\/de\/wp-json\/wp\/v2\/pages\/227\/revisions"}],"wp:attachment":[{"href":"https:\/\/www.cadellarteluxury.com\/de\/wp-json\/wp\/v2\/media?parent=227"}],"curies":[{"name":"wp","href":"https:\/\/api.w.org\/{rel}","templated":true}]}}