{"id":203,"date":"2021-06-09T17:48:16","date_gmt":"2021-06-09T15:48:16","guid":{"rendered":"https:\/\/cadellarteluxury.ms.decms.eu\/?page_id=203"},"modified":"2025-10-22T11:37:08","modified_gmt":"2025-10-22T09:37:08","slug":"superior-apartment","status":"publish","type":"page","link":"https:\/\/www.cadellarteluxury.com\/de\/unsere-wohnungen\/superior-apartment\/","title":{"rendered":"Superior Apartment"},"content":{"rendered":"<p>Zimmergr\u00f6\u00dfe: 90 m\u00b2<\/p>\n<p>Schlafzimmer 1: 1 Doppelbett + eigenes Bad<br \/>\nSchlafzimmer 2: 1 Doppelbett + privates Badezimmer<\/p>\n<p>Elegante Wohnung mit 2 Doppelzimmern, 2 B\u00e4dern, Wohnzimmer, K\u00fcche und kostenlosem WLAN.<\/p>\n<p>Zimmerausstattung: Klimaanlage, B\u00fcgeleisen und B\u00fcgelbrett, Sitzecke, Waschmaschine, Heizung, privater Eingang, Sofa, Parkett oder Holzboden, Kleiderschrank \/ Schrank, Dusche, Haartrockner, kostenlose Toilettenartikel, Toilette, eigenes Bad, Dusche, Telefon, Satellit Kan\u00e4le, Flachbildfernseher, K\u00fcchenzeile, K\u00fchlschrank, Mikrowelle, K\u00fcche, Essbereich, K\u00fcchenutensilien, Handt\u00fccher, Bettw\u00e4sche.<\/p>\n<p>Kostenloses WLAN ist in allen Zimmern verf\u00fcgbar.<\/p>\n","protected":false},"excerpt":{"rendered":"<p>Zimmergr\u00f6\u00dfe: 90 m\u00b2 Schlafzimmer 1: 1 Doppelbett + eigenes Bad Schlafzimmer 2: 1 Doppelbett + privates Badezimmer Elegante Wohnung mit 2 Doppelzimmern, 2 B\u00e4dern, Wohnzimmer, K\u00fcche und kostenlosem WLAN. Zimmerausstattung: Klimaanlage, B\u00fcgeleisen und B\u00fcgelbrett, Sitzecke, Waschmaschine, Heizung, privater Eingang, Sofa, Parkett oder Holzboden, Kleiderschrank \/ Schrank, Dusche, Haartrockner, kostenlose Toilettenartikel, Toilette, eigenes Bad, Dusche, Telefon, [&hellip;]<\/p>\n","protected":false},"author":13,"featured_media":438,"parent":197,"menu_order":20,"comment_status":"closed","ping_status":"closed","template":"template-single-room.php","meta":{"footnotes":""},"class_list":["post-203","page","type-page","status-publish","has-post-thumbnail","hentry"],"yoast_head":"<!-- This site is optimized with the Yoast SEO plugin v26.9 - https:\/\/yoast.com\/product\/yoast-seo-wordpress\/ -->\n<title>Superior Apartment ~ Ca&#039; Dell\u2019Arte Luxury<\/title>\n<meta name=\"robots\" content=\"index, follow, max-snippet:-1, max-image-preview:large, max-video-preview:-1\" \/>\n<link rel=\"canonical\" href=\"https:\/\/www.cadellarteluxury.com\/de\/unsere-wohnungen\/superior-apartment\/\" \/>\n<meta property=\"og:locale\" content=\"de_DE\" \/>\n<meta property=\"og:type\" content=\"article\" \/>\n<meta property=\"og:title\" content=\"Superior Apartment ~ Ca&#039; Dell\u2019Arte Luxury\" \/>\n<meta property=\"og:description\" content=\"Zimmergr\u00f6\u00dfe: 90 m\u00b2 Schlafzimmer 1: 1 Doppelbett + eigenes Bad Schlafzimmer 2: 1 Doppelbett + privates Badezimmer Elegante Wohnung mit 2 Doppelzimmern, 2 B\u00e4dern, Wohnzimmer, K\u00fcche und kostenlosem WLAN. Zimmerausstattung: Klimaanlage, B\u00fcgeleisen und B\u00fcgelbrett, Sitzecke, Waschmaschine, Heizung, privater Eingang, Sofa, Parkett oder Holzboden, Kleiderschrank \/ Schrank, Dusche, Haartrockner, kostenlose Toilettenartikel, Toilette, eigenes Bad, Dusche, Telefon, [&hellip;]\" \/>\n<meta property=\"og:url\" content=\"https:\/\/www.cadellarteluxury.com\/de\/unsere-wohnungen\/superior-apartment\/\" \/>\n<meta property=\"og:site_name\" content=\"Ca&#039; Dell\u2019Arte Luxury\" \/>\n<meta property=\"article:modified_time\" content=\"2025-10-22T09:37:08+00:00\" \/>\n<meta property=\"og:image\" content=\"https:\/\/www.cadellarteluxury.com\/wp-content\/uploads\/sites\/290\/2025\/10\/BB-11bis.jpg\" \/>\n\t<meta property=\"og:image:width\" content=\"1800\" \/>\n\t<meta property=\"og:image:height\" content=\"1200\" \/>\n\t<meta property=\"og:image:type\" content=\"image\/jpeg\" \/>\n<meta name=\"twitter:card\" content=\"summary_large_image\" \/>\n<meta name=\"twitter:label1\" content=\"Gesch\u00e4tzte Lesezeit\" \/>\n\t<meta name=\"twitter:data1\" content=\"1 Minute\" \/>\n<script type=\"application\/ld+json\" class=\"yoast-schema-graph\">{\"@context\":\"https:\/\/schema.org\",\"@graph\":[{\"@type\":\"WebPage\",\"@id\":\"https:\/\/www.cadellarteluxury.com\/de\/unsere-wohnungen\/superior-apartment\/\",\"url\":\"https:\/\/www.cadellarteluxury.com\/de\/unsere-wohnungen\/superior-apartment\/\",\"name\":\"Superior Apartment ~ Ca' Dell\u2019Arte Luxury\",\"isPartOf\":{\"@id\":\"https:\/\/www.cadellarteluxury.com\/de\/#website\"},\"primaryImageOfPage\":{\"@id\":\"https:\/\/www.cadellarteluxury.com\/de\/unsere-wohnungen\/superior-apartment\/#primaryimage\"},\"image\":{\"@id\":\"https:\/\/www.cadellarteluxury.com\/de\/unsere-wohnungen\/superior-apartment\/#primaryimage\"},\"thumbnailUrl\":\"https:\/\/www.cadellarteluxury.com\/wp-content\/uploads\/sites\/290\/2025\/10\/BB-11bis.jpg\",\"datePublished\":\"2021-06-09T15:48:16+00:00\",\"dateModified\":\"2025-10-22T09:37:08+00:00\",\"breadcrumb\":{\"@id\":\"https:\/\/www.cadellarteluxury.com\/de\/unsere-wohnungen\/superior-apartment\/#breadcrumb\"},\"inLanguage\":\"de-DE\",\"potentialAction\":[{\"@type\":\"ReadAction\",\"target\":[\"https:\/\/www.cadellarteluxury.com\/de\/unsere-wohnungen\/superior-apartment\/\"]}]},{\"@type\":\"ImageObject\",\"inLanguage\":\"de-DE\",\"@id\":\"https:\/\/www.cadellarteluxury.com\/de\/unsere-wohnungen\/superior-apartment\/#primaryimage\",\"url\":\"https:\/\/www.cadellarteluxury.com\/wp-content\/uploads\/sites\/290\/2025\/10\/BB-11bis.jpg\",\"contentUrl\":\"https:\/\/www.cadellarteluxury.com\/wp-content\/uploads\/sites\/290\/2025\/10\/BB-11bis.jpg\",\"width\":1800,\"height\":1200},{\"@type\":\"BreadcrumbList\",\"@id\":\"https:\/\/www.cadellarteluxury.com\/de\/unsere-wohnungen\/superior-apartment\/#breadcrumb\",\"itemListElement\":[{\"@type\":\"ListItem\",\"position\":1,\"name\":\"Home\",\"item\":\"https:\/\/www.cadellarteluxury.com\/de\/\"},{\"@type\":\"ListItem\",\"position\":2,\"name\":\"Unsere Wohnungen\",\"item\":\"https:\/\/www.cadellarteluxury.com\/de\/unsere-wohnungen\/\"},{\"@type\":\"ListItem\",\"position\":3,\"name\":\"Superior Apartment\"}]},{\"@type\":\"WebSite\",\"@id\":\"https:\/\/www.cadellarteluxury.com\/de\/#website\",\"url\":\"https:\/\/www.cadellarteluxury.com\/de\/\",\"name\":\"Ca' Dell\u2019Arte Luxury\",\"description\":\"Ecco un altro sito ms.decms.eu\",\"potentialAction\":[{\"@type\":\"SearchAction\",\"target\":{\"@type\":\"EntryPoint\",\"urlTemplate\":\"https:\/\/www.cadellarteluxury.com\/de\/?s={search_term_string}\"},\"query-input\":{\"@type\":\"PropertyValueSpecification\",\"valueRequired\":true,\"valueName\":\"search_term_string\"}}],\"inLanguage\":\"de-DE\"}]}<\/script>\n<!-- \/ Yoast SEO plugin. -->","yoast_head_json":{"title":"Superior Apartment ~ Ca' Dell\u2019Arte Luxury","robots":{"index":"index","follow":"follow","max-snippet":"max-snippet:-1","max-image-preview":"max-image-preview:large","max-video-preview":"max-video-preview:-1"},"canonical":"https:\/\/www.cadellarteluxury.com\/de\/unsere-wohnungen\/superior-apartment\/","og_locale":"de_DE","og_type":"article","og_title":"Superior Apartment ~ Ca' Dell\u2019Arte Luxury","og_description":"Zimmergr\u00f6\u00dfe: 90 m\u00b2 Schlafzimmer 1: 1 Doppelbett + eigenes Bad Schlafzimmer 2: 1 Doppelbett + privates Badezimmer Elegante Wohnung mit 2 Doppelzimmern, 2 B\u00e4dern, Wohnzimmer, K\u00fcche und kostenlosem WLAN. Zimmerausstattung: Klimaanlage, B\u00fcgeleisen und B\u00fcgelbrett, Sitzecke, Waschmaschine, Heizung, privater Eingang, Sofa, Parkett oder Holzboden, Kleiderschrank \/ Schrank, Dusche, Haartrockner, kostenlose Toilettenartikel, Toilette, eigenes Bad, Dusche, Telefon, [&hellip;]","og_url":"https:\/\/www.cadellarteluxury.com\/de\/unsere-wohnungen\/superior-apartment\/","og_site_name":"Ca' Dell\u2019Arte Luxury","article_modified_time":"2025-10-22T09:37:08+00:00","og_image":[{"width":1800,"height":1200,"url":"https:\/\/www.cadellarteluxury.com\/wp-content\/uploads\/sites\/290\/2025\/10\/BB-11bis.jpg","type":"image\/jpeg"}],"twitter_card":"summary_large_image","twitter_misc":{"Gesch\u00e4tzte Lesezeit":"1 Minute"},"schema":{"@context":"https:\/\/schema.org","@graph":[{"@type":"WebPage","@id":"https:\/\/www.cadellarteluxury.com\/de\/unsere-wohnungen\/superior-apartment\/","url":"https:\/\/www.cadellarteluxury.com\/de\/unsere-wohnungen\/superior-apartment\/","name":"Superior Apartment ~ Ca' Dell\u2019Arte Luxury","isPartOf":{"@id":"https:\/\/www.cadellarteluxury.com\/de\/#website"},"primaryImageOfPage":{"@id":"https:\/\/www.cadellarteluxury.com\/de\/unsere-wohnungen\/superior-apartment\/#primaryimage"},"image":{"@id":"https:\/\/www.cadellarteluxury.com\/de\/unsere-wohnungen\/superior-apartment\/#primaryimage"},"thumbnailUrl":"https:\/\/www.cadellarteluxury.com\/wp-content\/uploads\/sites\/290\/2025\/10\/BB-11bis.jpg","datePublished":"2021-06-09T15:48:16+00:00","dateModified":"2025-10-22T09:37:08+00:00","breadcrumb":{"@id":"https:\/\/www.cadellarteluxury.com\/de\/unsere-wohnungen\/superior-apartment\/#breadcrumb"},"inLanguage":"de-DE","potentialAction":[{"@type":"ReadAction","target":["https:\/\/www.cadellarteluxury.com\/de\/unsere-wohnungen\/superior-apartment\/"]}]},{"@type":"ImageObject","inLanguage":"de-DE","@id":"https:\/\/www.cadellarteluxury.com\/de\/unsere-wohnungen\/superior-apartment\/#primaryimage","url":"https:\/\/www.cadellarteluxury.com\/wp-content\/uploads\/sites\/290\/2025\/10\/BB-11bis.jpg","contentUrl":"https:\/\/www.cadellarteluxury.com\/wp-content\/uploads\/sites\/290\/2025\/10\/BB-11bis.jpg","width":1800,"height":1200},{"@type":"BreadcrumbList","@id":"https:\/\/www.cadellarteluxury.com\/de\/unsere-wohnungen\/superior-apartment\/#breadcrumb","itemListElement":[{"@type":"ListItem","position":1,"name":"Home","item":"https:\/\/www.cadellarteluxury.com\/de\/"},{"@type":"ListItem","position":2,"name":"Unsere Wohnungen","item":"https:\/\/www.cadellarteluxury.com\/de\/unsere-wohnungen\/"},{"@type":"ListItem","position":3,"name":"Superior Apartment"}]},{"@type":"WebSite","@id":"https:\/\/www.cadellarteluxury.com\/de\/#website","url":"https:\/\/www.cadellarteluxury.com\/de\/","name":"Ca' Dell\u2019Arte Luxury","description":"Ecco un altro sito ms.decms.eu","potentialAction":[{"@type":"SearchAction","target":{"@type":"EntryPoint","urlTemplate":"https:\/\/www.cadellarteluxury.com\/de\/?s={search_term_string}"},"query-input":{"@type":"PropertyValueSpecification","valueRequired":true,"valueName":"search_term_string"}}],"inLanguage":"de-DE"}]}},"acf":[],"_links":{"self":[{"href":"https:\/\/www.cadellarteluxury.com\/de\/wp-json\/wp\/v2\/pages\/203","targetHints":{"allow":["GET"]}}],"collection":[{"href":"https:\/\/www.cadellarteluxury.com\/de\/wp-json\/wp\/v2\/pages"}],"about":[{"href":"https:\/\/www.cadellarteluxury.com\/de\/wp-json\/wp\/v2\/types\/page"}],"author":[{"embeddable":true,"href":"https:\/\/www.cadellarteluxury.com\/de\/wp-json\/wp\/v2\/users\/13"}],"replies":[{"embeddable":true,"href":"https:\/\/www.cadellarteluxury.com\/de\/wp-json\/wp\/v2\/comments?post=203"}],"version-history":[{"count":0,"href":"https:\/\/www.cadellarteluxury.com\/de\/wp-json\/wp\/v2\/pages\/203\/revisions"}],"up":[{"embeddable":true,"href":"https:\/\/www.cadellarteluxury.com\/de\/wp-json\/wp\/v2\/pages\/197"}],"wp:featuredmedia":[{"embeddable":true,"href":"https:\/\/www.cadellarteluxury.com\/de\/wp-json\/wp\/v2\/media\/438"}],"wp:attachment":[{"href":"https:\/\/www.cadellarteluxury.com\/de\/wp-json\/wp\/v2\/media?parent=203"}],"curies":[{"name":"wp","href":"https:\/\/api.w.org\/{rel}","templated":true}]}}