{"id":192,"date":"2021-06-09T17:39:49","date_gmt":"2021-06-09T15:39:49","guid":{"rendered":"https:\/\/cadellarteluxury.ms.decms.eu\/?page_id=192"},"modified":"2021-06-09T17:39:49","modified_gmt":"2021-06-09T15:39:49","slug":"wo-wir-sind","status":"publish","type":"page","link":"https:\/\/www.cadellarteluxury.com\/de\/wo-wir-sind\/","title":{"rendered":"Wo wir sind"},"content":{"rendered":"<p>Unsere St\u00e4rke ist der zentrale Bereich aber vor allem die Ruhe.<\/p>\n<p>Wenn Sie ausgehen und die Calle \u201edel Cafeter\u201c nehmen, befinden Sie sich am Teatro La Fenice und dann \u00fcber den XXII. Marzo und den Markusplatz. Wenn Sie geradeaus weiterfahren, erreichen Sie in wenigen Minuten Campo San Luca, die Rialtobr\u00fccke mit dem Obst- und Fischmarkt. zu Ihrer Linken der Campo Santo Stefano, wo jedes Jahr die Antiquit\u00e4tenm\u00e4rkte von San Maurizio, der Palazzo Grassi, die Accademia stattfinden.<\/p>\n<p>In der Umgebung gibt es viele Restaurants und Bars mit Tischen, in denen Sie ausgezeichnete Fischgerichte oder einen einfachen Aperitif in der Ruhe der Serenissima genie\u00dfen k\u00f6nnen.<\/p>\n","protected":false},"excerpt":{"rendered":"<p>Unsere St\u00e4rke ist der zentrale Bereich aber vor allem die Ruhe. Wenn Sie ausgehen und die Calle \u201edel Cafeter\u201c nehmen, befinden Sie sich am Teatro La Fenice und dann \u00fcber den XXII. Marzo und den Markusplatz. Wenn Sie geradeaus weiterfahren, erreichen Sie in wenigen Minuten Campo San Luca, die Rialtobr\u00fccke mit dem Obst- und Fischmarkt. [&hellip;]<\/p>\n","protected":false},"author":13,"featured_media":0,"parent":0,"menu_order":50,"comment_status":"closed","ping_status":"closed","template":"template-location.php","meta":{"footnotes":""},"class_list":["post-192","page","type-page","status-publish","hentry"],"yoast_head":"<!-- This site is optimized with the Yoast SEO plugin v26.9 - https:\/\/yoast.com\/product\/yoast-seo-wordpress\/ -->\n<title>Wo wir sind ~ Ca&#039; Dell\u2019Arte Luxury<\/title>\n<meta name=\"robots\" content=\"index, follow, max-snippet:-1, max-image-preview:large, max-video-preview:-1\" \/>\n<link rel=\"canonical\" href=\"https:\/\/www.cadellarteluxury.com\/de\/wo-wir-sind\/\" \/>\n<meta property=\"og:locale\" content=\"de_DE\" \/>\n<meta property=\"og:type\" content=\"article\" \/>\n<meta property=\"og:title\" content=\"Wo wir sind ~ Ca&#039; Dell\u2019Arte Luxury\" \/>\n<meta property=\"og:description\" content=\"Unsere St\u00e4rke ist der zentrale Bereich aber vor allem die Ruhe. Wenn Sie ausgehen und die Calle \u201edel Cafeter\u201c nehmen, befinden Sie sich am Teatro La Fenice und dann \u00fcber den XXII. Marzo und den Markusplatz. Wenn Sie geradeaus weiterfahren, erreichen Sie in wenigen Minuten Campo San Luca, die Rialtobr\u00fccke mit dem Obst- und Fischmarkt. [&hellip;]\" \/>\n<meta property=\"og:url\" content=\"https:\/\/www.cadellarteluxury.com\/de\/wo-wir-sind\/\" \/>\n<meta property=\"og:site_name\" content=\"Ca&#039; Dell\u2019Arte Luxury\" \/>\n<meta name=\"twitter:card\" content=\"summary_large_image\" \/>\n<meta name=\"twitter:label1\" content=\"Gesch\u00e4tzte Lesezeit\" \/>\n\t<meta name=\"twitter:data1\" content=\"1 Minute\" \/>\n<script type=\"application\/ld+json\" class=\"yoast-schema-graph\">{\"@context\":\"https:\/\/schema.org\",\"@graph\":[{\"@type\":\"WebPage\",\"@id\":\"https:\/\/www.cadellarteluxury.com\/de\/wo-wir-sind\/\",\"url\":\"https:\/\/www.cadellarteluxury.com\/de\/wo-wir-sind\/\",\"name\":\"Wo wir sind ~ Ca' Dell\u2019Arte Luxury\",\"isPartOf\":{\"@id\":\"https:\/\/www.cadellarteluxury.com\/de\/#website\"},\"datePublished\":\"2021-06-09T15:39:49+00:00\",\"breadcrumb\":{\"@id\":\"https:\/\/www.cadellarteluxury.com\/de\/wo-wir-sind\/#breadcrumb\"},\"inLanguage\":\"de-DE\",\"potentialAction\":[{\"@type\":\"ReadAction\",\"target\":[\"https:\/\/www.cadellarteluxury.com\/de\/wo-wir-sind\/\"]}]},{\"@type\":\"BreadcrumbList\",\"@id\":\"https:\/\/www.cadellarteluxury.com\/de\/wo-wir-sind\/#breadcrumb\",\"itemListElement\":[{\"@type\":\"ListItem\",\"position\":1,\"name\":\"Home\",\"item\":\"https:\/\/www.cadellarteluxury.com\/de\/\"},{\"@type\":\"ListItem\",\"position\":2,\"name\":\"Wo wir sind\"}]},{\"@type\":\"WebSite\",\"@id\":\"https:\/\/www.cadellarteluxury.com\/de\/#website\",\"url\":\"https:\/\/www.cadellarteluxury.com\/de\/\",\"name\":\"Ca' Dell\u2019Arte Luxury\",\"description\":\"Ecco un altro sito ms.decms.eu\",\"potentialAction\":[{\"@type\":\"SearchAction\",\"target\":{\"@type\":\"EntryPoint\",\"urlTemplate\":\"https:\/\/www.cadellarteluxury.com\/de\/?s={search_term_string}\"},\"query-input\":{\"@type\":\"PropertyValueSpecification\",\"valueRequired\":true,\"valueName\":\"search_term_string\"}}],\"inLanguage\":\"de-DE\"}]}<\/script>\n<!-- \/ Yoast SEO plugin. -->","yoast_head_json":{"title":"Wo wir sind ~ Ca' Dell\u2019Arte Luxury","robots":{"index":"index","follow":"follow","max-snippet":"max-snippet:-1","max-image-preview":"max-image-preview:large","max-video-preview":"max-video-preview:-1"},"canonical":"https:\/\/www.cadellarteluxury.com\/de\/wo-wir-sind\/","og_locale":"de_DE","og_type":"article","og_title":"Wo wir sind ~ Ca' Dell\u2019Arte Luxury","og_description":"Unsere St\u00e4rke ist der zentrale Bereich aber vor allem die Ruhe. Wenn Sie ausgehen und die Calle \u201edel Cafeter\u201c nehmen, befinden Sie sich am Teatro La Fenice und dann \u00fcber den XXII. Marzo und den Markusplatz. Wenn Sie geradeaus weiterfahren, erreichen Sie in wenigen Minuten Campo San Luca, die Rialtobr\u00fccke mit dem Obst- und Fischmarkt. [&hellip;]","og_url":"https:\/\/www.cadellarteluxury.com\/de\/wo-wir-sind\/","og_site_name":"Ca' Dell\u2019Arte Luxury","twitter_card":"summary_large_image","twitter_misc":{"Gesch\u00e4tzte Lesezeit":"1 Minute"},"schema":{"@context":"https:\/\/schema.org","@graph":[{"@type":"WebPage","@id":"https:\/\/www.cadellarteluxury.com\/de\/wo-wir-sind\/","url":"https:\/\/www.cadellarteluxury.com\/de\/wo-wir-sind\/","name":"Wo wir sind ~ Ca' Dell\u2019Arte Luxury","isPartOf":{"@id":"https:\/\/www.cadellarteluxury.com\/de\/#website"},"datePublished":"2021-06-09T15:39:49+00:00","breadcrumb":{"@id":"https:\/\/www.cadellarteluxury.com\/de\/wo-wir-sind\/#breadcrumb"},"inLanguage":"de-DE","potentialAction":[{"@type":"ReadAction","target":["https:\/\/www.cadellarteluxury.com\/de\/wo-wir-sind\/"]}]},{"@type":"BreadcrumbList","@id":"https:\/\/www.cadellarteluxury.com\/de\/wo-wir-sind\/#breadcrumb","itemListElement":[{"@type":"ListItem","position":1,"name":"Home","item":"https:\/\/www.cadellarteluxury.com\/de\/"},{"@type":"ListItem","position":2,"name":"Wo wir sind"}]},{"@type":"WebSite","@id":"https:\/\/www.cadellarteluxury.com\/de\/#website","url":"https:\/\/www.cadellarteluxury.com\/de\/","name":"Ca' Dell\u2019Arte Luxury","description":"Ecco un altro sito ms.decms.eu","potentialAction":[{"@type":"SearchAction","target":{"@type":"EntryPoint","urlTemplate":"https:\/\/www.cadellarteluxury.com\/de\/?s={search_term_string}"},"query-input":{"@type":"PropertyValueSpecification","valueRequired":true,"valueName":"search_term_string"}}],"inLanguage":"de-DE"}]}},"acf":[],"_links":{"self":[{"href":"https:\/\/www.cadellarteluxury.com\/de\/wp-json\/wp\/v2\/pages\/192","targetHints":{"allow":["GET"]}}],"collection":[{"href":"https:\/\/www.cadellarteluxury.com\/de\/wp-json\/wp\/v2\/pages"}],"about":[{"href":"https:\/\/www.cadellarteluxury.com\/de\/wp-json\/wp\/v2\/types\/page"}],"author":[{"embeddable":true,"href":"https:\/\/www.cadellarteluxury.com\/de\/wp-json\/wp\/v2\/users\/13"}],"replies":[{"embeddable":true,"href":"https:\/\/www.cadellarteluxury.com\/de\/wp-json\/wp\/v2\/comments?post=192"}],"version-history":[{"count":0,"href":"https:\/\/www.cadellarteluxury.com\/de\/wp-json\/wp\/v2\/pages\/192\/revisions"}],"wp:attachment":[{"href":"https:\/\/www.cadellarteluxury.com\/de\/wp-json\/wp\/v2\/media?parent=192"}],"curies":[{"name":"wp","href":"https:\/\/api.w.org\/{rel}","templated":true}]}}